{"id":7815,"date":"2025-10-25T14:29:36","date_gmt":"2025-10-25T12:29:36","guid":{"rendered":"https:\/\/www.packinov.fr\/?page_id=7815"},"modified":"2025-10-25T14:32:40","modified_gmt":"2025-10-25T12:32:40","slug":"training-service-industrial-machine-performance-adjustment-packinov","status":"publish","type":"page","link":"https:\/\/www.packinov.fr\/en\/services\/service-formation-machine-industriel-performance-reglage-packinov\/","title":{"rendered":"PACK'Formation service"},"content":{"rendered":"\t\t<div data-elementor-type=\"wp-page\" data-elementor-id=\"7815\" class=\"elementor elementor-7815\" data-elementor-post-type=\"page\">\n\t\t\t\t\t\t<section class=\"elementor-section elementor-top-section elementor-element elementor-element-7e2d11c5 elementor-section-height-min-height elementor-section-boxed elementor-section-height-default elementor-section-items-middle elementor-invisible\" data-id=\"7e2d11c5\" data-element_type=\"section\" data-e-type=\"section\" id=\"pageSlider\" data-settings=\"{&quot;background_background&quot;:&quot;classic&quot;,&quot;animation&quot;:&quot;fadeInDown&quot;}\">\n\t\t\t\t\t\t\t<div class=\"elementor-background-overlay\"><\/div>\n\t\t\t\t\t\t\t<div class=\"elementor-container elementor-column-gap-default\">\n\t\t\t\t\t<div class=\"elementor-column elementor-col-100 elementor-top-column elementor-element elementor-element-7852280f\" data-id=\"7852280f\" data-element_type=\"column\" data-e-type=\"column\">\n\t\t\t<div class=\"elementor-widget-wrap elementor-element-populated\">\n\t\t\t\t\t\t<div class=\"elementor-element elementor-element-b43bed3 elementor-invisible elementor-widget elementor-widget-heading\" data-id=\"b43bed3\" data-element_type=\"widget\" data-e-type=\"widget\" data-settings=\"{&quot;_animation&quot;:&quot;fadeInUp&quot;,&quot;_animation_delay&quot;:200}\" data-widget_type=\"heading.default\">\n\t\t\t\t<div class=\"elementor-widget-container\">\n\t\t\t\t\t<h1 class=\"elementor-heading-title elementor-size-default\">Service PACK&rsquo;Formation<\/h1>\t\t\t\t<\/div>\n\t\t\t\t<\/div>\n\t\t\t\t\t<\/div>\n\t\t<\/div>\n\t\t\t\t\t<\/div>\n\t\t<\/section>\n\t\t\t\t<section class=\"elementor-section elementor-top-section elementor-element elementor-element-26d8f0e2 elementor-hidden-mobile elementor-section-boxed elementor-section-height-default elementor-section-height-default elementor-invisible\" data-id=\"26d8f0e2\" data-element_type=\"section\" data-e-type=\"section\" data-settings=\"{&quot;animation&quot;:&quot;fadeInUp&quot;}\">\n\t\t\t\t\t\t<div class=\"elementor-container elementor-column-gap-default\">\n\t\t\t\t\t<div class=\"elementor-column elementor-col-100 elementor-top-column elementor-element elementor-element-274755d9\" data-id=\"274755d9\" data-element_type=\"column\" data-e-type=\"column\">\n\t\t\t<div class=\"elementor-widget-wrap elementor-element-populated\">\n\t\t\t\t\t\t<div class=\"elementor-element elementor-element-1d47cd0e breadcrumb elementor-widget elementor-widget-shortcode\" data-id=\"1d47cd0e\" data-element_type=\"widget\" data-e-type=\"widget\" data-widget_type=\"shortcode.default\">\n\t\t\t\t<div class=\"elementor-widget-container\">\n\t\t\t\t\t\t\t<div class=\"elementor-shortcode\"><nav aria-label=\"breadcrumbs\">\n            <div class=\"breadcrumb-container theme1\">\n                <ol>\n                                    <\/ol>\n            <\/div>\n        <\/nav>    <script type=\"application\/ld+json\">\n        {\n            \"@context\": \"http:\/\/schema.org\",\n            \"@type\": \"BreadcrumbList\",\n            \"itemListElement\": [\n                            ]\n        }\n    <\/script>\n   \n    <script>\n            <\/script>\n<\/div>\n\t\t\t\t\t\t<\/div>\n\t\t\t\t<\/div>\n\t\t\t\t\t<\/div>\n\t\t<\/div>\n\t\t\t\t\t<\/div>\n\t\t<\/section>\n\t\t\t\t<section class=\"elementor-section elementor-top-section elementor-element elementor-element-8d780f5 elementor-section-boxed elementor-section-height-default elementor-section-height-default\" data-id=\"8d780f5\" data-element_type=\"section\" data-e-type=\"section\">\n\t\t\t\t\t\t<div class=\"elementor-container elementor-column-gap-default\">\n\t\t\t\t\t<div class=\"elementor-column elementor-col-50 elementor-top-column elementor-element elementor-element-8da07db elementor-hidden-mobile elementor-invisible\" data-id=\"8da07db\" data-element_type=\"column\" data-e-type=\"column\" data-settings=\"{&quot;background_background&quot;:&quot;classic&quot;,&quot;animation&quot;:&quot;fadeInUp&quot;,&quot;animation_delay&quot;:400}\">\n\t\t\t<div class=\"elementor-widget-wrap elementor-element-populated\">\n\t\t\t\t\t\t<div class=\"elementor-element elementor-element-a03b3ca elementor-widget elementor-widget-spacer\" data-id=\"a03b3ca\" data-element_type=\"widget\" data-e-type=\"widget\" data-widget_type=\"spacer.default\">\n\t\t\t\t<div class=\"elementor-widget-container\">\n\t\t\t\t\t\t\t<div class=\"elementor-spacer\">\n\t\t\t<div class=\"elementor-spacer-inner\"><\/div>\n\t\t<\/div>\n\t\t\t\t\t\t<\/div>\n\t\t\t\t<\/div>\n\t\t\t\t\t<\/div>\n\t\t<\/div>\n\t\t\t\t<div class=\"elementor-column elementor-col-50 elementor-top-column elementor-element elementor-element-a9e9fde elementor-invisible\" data-id=\"a9e9fde\" data-element_type=\"column\" data-e-type=\"column\" data-settings=\"{&quot;animation&quot;:&quot;fadeInUp&quot;,&quot;animation_delay&quot;:200}\">\n\t\t\t<div class=\"elementor-widget-wrap elementor-element-populated\">\n\t\t\t\t\t\t<div class=\"elementor-element elementor-element-7ddaeea elementor-invisible elementor-widget elementor-widget-heading\" data-id=\"7ddaeea\" data-element_type=\"widget\" data-e-type=\"widget\" data-settings=\"{&quot;_animation&quot;:&quot;fadeInUp&quot;}\" data-widget_type=\"heading.default\">\n\t\t\t\t<div class=\"elementor-widget-container\">\n\t\t\t\t\t<span class=\"elementor-heading-title elementor-size-default\">La mont\u00e9e en comp\u00e9tence pour <\/span>\t\t\t\t<\/div>\n\t\t\t\t<\/div>\n\t\t\t\t<div class=\"elementor-element elementor-element-2844361 elementor-invisible elementor-widget elementor-widget-heading\" data-id=\"2844361\" data-element_type=\"widget\" data-e-type=\"widget\" data-settings=\"{&quot;_animation&quot;:&quot;fadeInUp&quot;,&quot;_animation_delay&quot;:200}\" data-widget_type=\"heading.default\">\n\t\t\t\t<div class=\"elementor-widget-container\">\n\t\t\t\t\t<h2 class=\"elementor-heading-title elementor-size-default\">gagner en autonomie, s\u00e9curit\u00e9 et efficacit\u00e9<\/h2>\t\t\t\t<\/div>\n\t\t\t\t<\/div>\n\t\t\t\t<div class=\"elementor-element elementor-element-7d0f53f elementor-widget elementor-widget-text-editor\" data-id=\"7d0f53f\" data-element_type=\"widget\" data-e-type=\"widget\" data-widget_type=\"text-editor.default\">\n\t\t\t\t<div class=\"elementor-widget-container\">\n\t\t\t\t\t\t\t\t\t<p class=\"p1\">Chez <span class=\"s1\"><b>PACKINOV<\/b><\/span>, nous accompagnons nos clients dans une d\u00e9marche de <span class=\"s1\"><b>performance<\/b><\/span>, d\u2019<span class=\"s1\"><b>efficacit\u00e9<\/b><\/span> et de <span class=\"s1\"><b>productivit\u00e9 durable<\/b><\/span>.<\/p><p class=\"p1\"><strong>PACK&rsquo;Formation<\/strong> \u00a0est un service d\u00e9di\u00e9 \u00e0 la t<strong>ransmission des bons gestes, des bons r\u00e9flexes et des bonnes pratiques<\/strong> \u00e0 vos op\u00e9rateurs, conducteurs de ligne ou techniciens de maintenance.<\/p><h4><strong>Les b\u00e9n\u00e9fices sont nombreux et concrets :<\/strong><\/h4><ul><li><p class=\"p1\"><span class=\"s1\"><b>Autonomie renforc\u00e9e<\/b><\/span> de vos op\u00e9rateurs et techniciens<\/p><\/li><li><p class=\"p1\"><span class=\"s1\"><b>Diminution des arr\u00eats machines<\/b><\/span> li\u00e9s aux manipulations ou \u00e0 l\u2019entretien<\/p><\/li><li><p class=\"p1\"><b>R\u00e9duction des co\u00fbts d\u2019intervention<\/b><span class=\"s2\"> en maintenance de niveau 1<\/span><\/p><\/li><li><p class=\"p1\"><span class=\"s1\"><b>Mise en s\u00e9curit\u00e9 optimis\u00e9e<\/b><\/span> gr\u00e2ce \u00e0 des gestes professionnels appropri\u00e9s<\/p><\/li><li><p class=\"p1\"><span class=\"s1\"><b>Valorisation du personnel<\/b><\/span> par la mont\u00e9e en comp\u00e9tence et l\u2019implication<\/p><\/li><li><p class=\"p1\"><span class=\"s1\"><b>Conformit\u00e9 assur\u00e9e<\/b><\/span> aux bonnes pratiques de production et aux normes qualit\u00e9<\/p><\/li><\/ul>\t\t\t\t\t\t\t\t<\/div>\n\t\t\t\t<\/div>\n\t\t\t\t\t<\/div>\n\t\t<\/div>\n\t\t\t\t\t<\/div>\n\t\t<\/section>\n\t\t\t\t<section class=\"elementor-section elementor-top-section elementor-element elementor-element-57da0bfe elementor-section-full_width elementor-section-height-default elementor-section-height-default elementor-invisible\" data-id=\"57da0bfe\" data-element_type=\"section\" data-e-type=\"section\" data-settings=\"{&quot;background_background&quot;:&quot;classic&quot;,&quot;animation&quot;:&quot;fadeInUp&quot;}\">\n\t\t\t\t\t\t<div class=\"elementor-container elementor-column-gap-default\">\n\t\t\t\t\t<div class=\"elementor-column elementor-col-100 elementor-top-column elementor-element elementor-element-f7d5dae\" data-id=\"f7d5dae\" data-element_type=\"column\" data-e-type=\"column\">\n\t\t\t<div class=\"elementor-widget-wrap elementor-element-populated\">\n\t\t\t\t\t\t<div class=\"elementor-element elementor-element-7463430f elementor-invisible elementor-widget elementor-widget-heading\" data-id=\"7463430f\" data-element_type=\"widget\" data-e-type=\"widget\" data-settings=\"{&quot;_animation&quot;:&quot;fadeInUp&quot;,&quot;_animation_delay&quot;:200}\" data-widget_type=\"heading.default\">\n\t\t\t\t<div class=\"elementor-widget-container\">\n\t\t\t\t\t<h2 class=\"elementor-heading-title elementor-size-default\">PACK'Formation, Des formations sur mesure<\/h2>\t\t\t\t<\/div>\n\t\t\t\t<\/div>\n\t\t\t\t<section class=\"elementor-section elementor-inner-section elementor-element elementor-element-e7210aa elementor-section-full_width elementor-section-height-default elementor-section-height-default elementor-invisible\" data-id=\"e7210aa\" data-element_type=\"section\" data-e-type=\"section\" data-settings=\"{&quot;animation&quot;:&quot;fadeInUp&quot;,&quot;animation_delay&quot;:400}\">\n\t\t\t\t\t\t<div class=\"elementor-container elementor-column-gap-default\">\n\t\t\t\t\t<div class=\"elementor-column elementor-col-25 elementor-inner-column elementor-element elementor-element-3d033b7b\" data-id=\"3d033b7b\" data-element_type=\"column\" data-e-type=\"column\">\n\t\t\t<div class=\"elementor-widget-wrap elementor-element-populated\">\n\t\t\t\t\t\t<div class=\"elementor-element elementor-element-323b7787 elementor-vertical-align-top elementor-widget elementor-widget-image-box\" data-id=\"323b7787\" data-element_type=\"widget\" data-e-type=\"widget\" data-widget_type=\"image-box.default\">\n\t\t\t\t<div class=\"elementor-widget-container\">\n\t\t\t\t\t<div class=\"elementor-image-box-wrapper\"><figure class=\"elementor-image-box-img\"><img fetchpriority=\"high\" decoding=\"async\" width=\"512\" height=\"512\" src=\"https:\/\/www.packinov.fr\/wp-content\/uploads\/2025\/10\/hotline.png\" class=\"attachment-full size-full wp-image-7774\" alt=\"\" srcset=\"https:\/\/www.packinov.fr\/wp-content\/uploads\/2025\/10\/hotline.png 512w, https:\/\/www.packinov.fr\/wp-content\/uploads\/2025\/10\/hotline-300x300.png 300w, https:\/\/www.packinov.fr\/wp-content\/uploads\/2025\/10\/hotline-150x150.png 150w, https:\/\/www.packinov.fr\/wp-content\/uploads\/2025\/10\/hotline-12x12.png 12w\" sizes=\"(max-width: 512px) 100vw, 512px\" \/><\/figure><div class=\"elementor-image-box-content\"><h3 class=\"elementor-image-box-title\">Sur demande ou via nos \u00e9quipes<\/h3><\/div><\/div>\t\t\t\t<\/div>\n\t\t\t\t<\/div>\n\t\t\t\t\t<\/div>\n\t\t<\/div>\n\t\t\t\t<div class=\"elementor-column elementor-col-25 elementor-inner-column elementor-element elementor-element-6f132892\" data-id=\"6f132892\" data-element_type=\"column\" data-e-type=\"column\">\n\t\t\t<div class=\"elementor-widget-wrap elementor-element-populated\">\n\t\t\t\t\t\t<div class=\"elementor-element elementor-element-28c2f2da elementor-vertical-align-top elementor-widget elementor-widget-image-box\" data-id=\"28c2f2da\" data-element_type=\"widget\" data-e-type=\"widget\" data-widget_type=\"image-box.default\">\n\t\t\t\t<div class=\"elementor-widget-container\">\n\t\t\t\t\t<div class=\"elementor-image-box-wrapper\"><figure class=\"elementor-image-box-img\"><img decoding=\"async\" width=\"512\" height=\"512\" src=\"https:\/\/www.packinov.fr\/wp-content\/uploads\/2025\/10\/personnalisation.png\" class=\"attachment-full size-full wp-image-7771\" alt=\"\" srcset=\"https:\/\/www.packinov.fr\/wp-content\/uploads\/2025\/10\/personnalisation.png 512w, https:\/\/www.packinov.fr\/wp-content\/uploads\/2025\/10\/personnalisation-300x300.png 300w, https:\/\/www.packinov.fr\/wp-content\/uploads\/2025\/10\/personnalisation-150x150.png 150w, https:\/\/www.packinov.fr\/wp-content\/uploads\/2025\/10\/personnalisation-12x12.png 12w\" sizes=\"(max-width: 512px) 100vw, 512px\" \/><\/figure><div class=\"elementor-image-box-content\"><h3 class=\"elementor-image-box-title\">personnalis\u00e9e<\/h3><\/div><\/div>\t\t\t\t<\/div>\n\t\t\t\t<\/div>\n\t\t\t\t\t<\/div>\n\t\t<\/div>\n\t\t\t\t<div class=\"elementor-column elementor-col-25 elementor-inner-column elementor-element elementor-element-54ffd181\" data-id=\"54ffd181\" data-element_type=\"column\" data-e-type=\"column\">\n\t\t\t<div class=\"elementor-widget-wrap elementor-element-populated\">\n\t\t\t\t\t\t<div class=\"elementor-element elementor-element-2ca26753 elementor-vertical-align-top elementor-widget elementor-widget-image-box\" data-id=\"2ca26753\" data-element_type=\"widget\" data-e-type=\"widget\" data-widget_type=\"image-box.default\">\n\t\t\t\t<div class=\"elementor-widget-container\">\n\t\t\t\t\t<div class=\"elementor-image-box-wrapper\"><figure class=\"elementor-image-box-img\"><img decoding=\"async\" width=\"512\" height=\"512\" src=\"https:\/\/www.packinov.fr\/wp-content\/uploads\/2025\/10\/reponse-rapide.png\" class=\"attachment-full size-full wp-image-7788\" alt=\"\" srcset=\"https:\/\/www.packinov.fr\/wp-content\/uploads\/2025\/10\/reponse-rapide.png 512w, https:\/\/www.packinov.fr\/wp-content\/uploads\/2025\/10\/reponse-rapide-300x300.png 300w, https:\/\/www.packinov.fr\/wp-content\/uploads\/2025\/10\/reponse-rapide-150x150.png 150w, https:\/\/www.packinov.fr\/wp-content\/uploads\/2025\/10\/reponse-rapide-12x12.png 12w\" sizes=\"(max-width: 512px) 100vw, 512px\" \/><\/figure><div class=\"elementor-image-box-content\"><h3 class=\"elementor-image-box-title\">Mise en place sous 2 \u00e0 3 semaines<\/h3><\/div><\/div>\t\t\t\t<\/div>\n\t\t\t\t<\/div>\n\t\t\t\t\t<\/div>\n\t\t<\/div>\n\t\t\t\t<div class=\"elementor-column elementor-col-25 elementor-inner-column elementor-element elementor-element-19f3c2af\" data-id=\"19f3c2af\" data-element_type=\"column\" data-e-type=\"column\">\n\t\t\t<div class=\"elementor-widget-wrap elementor-element-populated\">\n\t\t\t\t\t\t<div class=\"elementor-element elementor-element-9b5479f elementor-vertical-align-top elementor-widget elementor-widget-image-box\" data-id=\"9b5479f\" data-element_type=\"widget\" data-e-type=\"widget\" data-widget_type=\"image-box.default\">\n\t\t\t\t<div class=\"elementor-widget-container\">\n\t\t\t\t\t<div class=\"elementor-image-box-wrapper\"><figure class=\"elementor-image-box-img\"><img loading=\"lazy\" decoding=\"async\" width=\"512\" height=\"512\" src=\"https:\/\/www.packinov.fr\/wp-content\/uploads\/2025\/10\/livraison-rapide.png\" class=\"attachment-full size-full wp-image-7789\" alt=\"\" srcset=\"https:\/\/www.packinov.fr\/wp-content\/uploads\/2025\/10\/livraison-rapide.png 512w, https:\/\/www.packinov.fr\/wp-content\/uploads\/2025\/10\/livraison-rapide-300x300.png 300w, https:\/\/www.packinov.fr\/wp-content\/uploads\/2025\/10\/livraison-rapide-150x150.png 150w, https:\/\/www.packinov.fr\/wp-content\/uploads\/2025\/10\/livraison-rapide-12x12.png 12w\" sizes=\"(max-width: 512px) 100vw, 512px\" \/><\/figure><div class=\"elementor-image-box-content\"><h3 class=\"elementor-image-box-title\">Sur site ou \u00e0 distance<\/h3><\/div><\/div>\t\t\t\t<\/div>\n\t\t\t\t<\/div>\n\t\t\t\t\t<\/div>\n\t\t<\/div>\n\t\t\t\t\t<\/div>\n\t\t<\/section>\n\t\t\t\t\t<\/div>\n\t\t<\/div>\n\t\t\t\t\t<\/div>\n\t\t<\/section>\n\t\t\t\t<section class=\"elementor-section elementor-top-section elementor-element elementor-element-5e5a464a responsiveWIDTH elementor-section-boxed elementor-section-height-default elementor-section-height-default\" data-id=\"5e5a464a\" data-element_type=\"section\" data-e-type=\"section\" id=\"produitIntro\">\n\t\t\t\t\t\t<div class=\"elementor-container elementor-column-gap-default\">\n\t\t\t\t\t<div class=\"elementor-column elementor-col-50 elementor-top-column elementor-element elementor-element-2a96b109 elementor-invisible\" data-id=\"2a96b109\" data-element_type=\"column\" data-e-type=\"column\" data-settings=\"{&quot;animation&quot;:&quot;fadeInUp&quot;,&quot;animation_delay&quot;:200}\">\n\t\t\t<div class=\"elementor-widget-wrap elementor-element-populated\">\n\t\t\t\t\t\t<div class=\"elementor-element elementor-element-3a910e54 elementor-invisible elementor-widget elementor-widget-heading\" data-id=\"3a910e54\" data-element_type=\"widget\" data-e-type=\"widget\" data-settings=\"{&quot;_animation&quot;:&quot;fadeInUp&quot;}\" data-widget_type=\"heading.default\">\n\t\t\t\t<div class=\"elementor-widget-container\">\n\t\t\t\t\t<span class=\"elementor-heading-title elementor-size-default\">PACK'Formation<\/span>\t\t\t\t<\/div>\n\t\t\t\t<\/div>\n\t\t\t\t<div class=\"elementor-element elementor-element-10210362 elementor-invisible elementor-widget elementor-widget-heading\" data-id=\"10210362\" data-element_type=\"widget\" data-e-type=\"widget\" data-settings=\"{&quot;_animation&quot;:&quot;fadeInUp&quot;,&quot;_animation_delay&quot;:200}\" data-widget_type=\"heading.default\">\n\t\t\t\t<div class=\"elementor-widget-container\">\n\t\t\t\t\t<h2 class=\"elementor-heading-title elementor-size-default\">PRAGMATIQUE, OP\u00c9RATIONNELLE ET ADAPT\u00c9E \u00c0 VOS \u00c9QUIPES<\/h2>\t\t\t\t<\/div>\n\t\t\t\t<\/div>\n\t\t\t\t<div class=\"elementor-element elementor-element-21a422f8 elementor-widget-laptop__width-initial elementor-widget-mobile__width-initial elementor-widget elementor-widget-text-editor\" data-id=\"21a422f8\" data-element_type=\"widget\" data-e-type=\"widget\" data-widget_type=\"text-editor.default\">\n\t\t\t\t<div class=\"elementor-widget-container\">\n\t\t\t\t\t\t\t\t\t<p class=\"p1\">La formation peut \u00eatre r\u00e9alis\u00e9e <span class=\"s1\"><b>en pr\u00e9sentiel sur site<\/b><\/span> ou <span class=\"s1\"><b>\u00e0 distance<\/b><\/span>, selon les disponibilit\u00e9s de vos \u00e9quipes et le type de machines concern\u00e9es.<\/p><p class=\"p1\">Con\u00e7ue pour s\u2019adapter \u00e0 vos besoins et \u00e0 vos \u00e9quipements sp\u00e9cifiques, la formation permet :<\/p><ul><li><p class=\"p1\">D\u2019assurer une prise en main compl\u00e8te de vos machines PACKINOV,<\/p><\/li><li><p class=\"p1\">De pr\u00e9venir les arr\u00eats et pertes de production,<\/p><\/li><li><p class=\"p1\">De renforcer la s\u00e9curit\u00e9 des interventions courantes,<\/p><\/li><li><p class=\"p1\">D\u2019augmenter la r\u00e9activit\u00e9 face \u00e0 un dysfonctionnement ou un besoin de r\u00e9glage.<\/p><\/li><\/ul>\t\t\t\t\t\t\t\t<\/div>\n\t\t\t\t<\/div>\n\t\t\t\t<div class=\"elementor-element elementor-element-a141a0a elementor-align-center elementor-widget__width-initial elementor-widget elementor-widget-button\" data-id=\"a141a0a\" data-element_type=\"widget\" data-e-type=\"widget\" data-widget_type=\"button.default\">\n\t\t\t\t<div class=\"elementor-widget-container\">\n\t\t\t\t\t\t\t\t\t<div class=\"elementor-button-wrapper\">\n\t\t\t\t\t<a class=\"elementor-button elementor-button-link elementor-size-sm\" href=\"https:\/\/www.packinov.fr\/wp-content\/uploads\/2025\/10\/PACKINOV-Fiche-produit-PACKFormation-v1.pdf\" target=\"_blank\">\n\t\t\t\t\t\t<span class=\"elementor-button-content-wrapper\">\n\t\t\t\t\t\t\t\t\t<span class=\"elementor-button-text\">T\u00e9l\u00e9chargez la fiche PACK'Formation<\/span>\n\t\t\t\t\t<\/span>\n\t\t\t\t\t<\/a>\n\t\t\t\t<\/div>\n\t\t\t\t\t\t\t\t<\/div>\n\t\t\t\t<\/div>\n\t\t\t\t<div class=\"elementor-element elementor-element-e0f7219 elementor-align-center elementor-widget__width-initial elementor-widget elementor-widget-button\" data-id=\"e0f7219\" data-element_type=\"widget\" data-e-type=\"widget\" data-widget_type=\"button.default\">\n\t\t\t\t<div class=\"elementor-widget-container\">\n\t\t\t\t\t\t\t\t\t<div class=\"elementor-button-wrapper\">\n\t\t\t\t\t<a class=\"elementor-button elementor-button-link elementor-size-sm\" href=\"\/contact\">\n\t\t\t\t\t\t<span class=\"elementor-button-content-wrapper\">\n\t\t\t\t\t\t\t\t\t<span class=\"elementor-button-text\">Contactez-nous !<\/span>\n\t\t\t\t\t<\/span>\n\t\t\t\t\t<\/a>\n\t\t\t\t<\/div>\n\t\t\t\t\t\t\t\t<\/div>\n\t\t\t\t<\/div>\n\t\t\t\t\t<\/div>\n\t\t<\/div>\n\t\t\t\t<div class=\"elementor-column elementor-col-50 elementor-top-column elementor-element elementor-element-3cf006f elementor-hidden-mobile elementor-invisible\" data-id=\"3cf006f\" data-element_type=\"column\" data-e-type=\"column\" data-settings=\"{&quot;animation&quot;:&quot;fadeInUp&quot;}\">\n\t\t\t<div class=\"elementor-widget-wrap elementor-element-populated\">\n\t\t\t\t\t\t<div class=\"elementor-element elementor-element-bb6665a elementor-widget elementor-widget-image\" data-id=\"bb6665a\" data-element_type=\"widget\" data-e-type=\"widget\" data-widget_type=\"image.default\">\n\t\t\t\t<div class=\"elementor-widget-container\">\n\t\t\t\t\t\t\t\t\t\t\t\t\t\t\t<img loading=\"lazy\" decoding=\"async\" width=\"800\" height=\"593\" src=\"https:\/\/www.packinov.fr\/wp-content\/uploads\/2024\/01\/Camionnette-PACKINOV-1024x759.png\" class=\"attachment-large size-large wp-image-5240\" alt=\"\" srcset=\"https:\/\/www.packinov.fr\/wp-content\/uploads\/2024\/01\/Camionnette-PACKINOV-1024x759.png 1024w, https:\/\/www.packinov.fr\/wp-content\/uploads\/2024\/01\/Camionnette-PACKINOV-300x223.png 300w, https:\/\/www.packinov.fr\/wp-content\/uploads\/2024\/01\/Camionnette-PACKINOV-768x570.png 768w, https:\/\/www.packinov.fr\/wp-content\/uploads\/2024\/01\/Camionnette-PACKINOV-1536x1139.png 1536w, https:\/\/www.packinov.fr\/wp-content\/uploads\/2024\/01\/Camionnette-PACKINOV.png 2048w, https:\/\/www.packinov.fr\/wp-content\/uploads\/2024\/01\/Camionnette-PACKINOV-16x12.png 16w\" sizes=\"(max-width: 800px) 100vw, 800px\" \/>\t\t\t\t\t\t\t\t\t\t\t\t\t\t\t<\/div>\n\t\t\t\t<\/div>\n\t\t\t\t\t<\/div>\n\t\t<\/div>\n\t\t\t\t\t<\/div>\n\t\t<\/section>\n\t\t\t\t<section class=\"elementor-section elementor-top-section elementor-element elementor-element-0487822 elementor-section-full_width elementor-hidden-mobile elementor-section-height-default elementor-section-height-default elementor-invisible\" data-id=\"0487822\" data-element_type=\"section\" data-e-type=\"section\" data-settings=\"{&quot;background_background&quot;:&quot;classic&quot;,&quot;animation&quot;:&quot;fadeIn&quot;}\">\n\t\t\t\t\t\t\t<div class=\"elementor-background-overlay\"><\/div>\n\t\t\t\t\t\t\t<div class=\"elementor-container elementor-column-gap-default\">\n\t\t\t\t\t<div class=\"elementor-column elementor-col-100 elementor-top-column elementor-element elementor-element-5370442 elementor-invisible\" data-id=\"5370442\" data-element_type=\"column\" data-e-type=\"column\" data-settings=\"{&quot;animation&quot;:&quot;fadeInUp&quot;,&quot;animation_delay&quot;:1000}\">\n\t\t\t<div class=\"elementor-widget-wrap elementor-element-populated\">\n\t\t\t\t\t\t<div class=\"elementor-element elementor-element-a27b226 elementor-widget elementor-widget-text-editor\" data-id=\"a27b226\" data-element_type=\"widget\" data-e-type=\"widget\" data-widget_type=\"text-editor.default\">\n\t\t\t\t<div class=\"elementor-widget-container\">\n\t\t\t\t\t\t\t\t\t<p><strong>PACK&rsquo;Formation,<\/strong>\u00a0UNE OFFRE <strong>\u00c9VOLUTIVE<\/strong> ET AU SERVICE DE VOTRE <strong>PERFORMANCE<\/strong><\/p>\t\t\t\t\t\t\t\t<\/div>\n\t\t\t\t<\/div>\n\t\t\t\t\t<\/div>\n\t\t<\/div>\n\t\t\t\t\t<\/div>\n\t\t<\/section>\n\t\t\t\t<\/div>\n\t\t","protected":false},"excerpt":{"rendered":"<p>La mont\u00e9e en comp\u00e9tence pour gagner en autonomie, s\u00e9curit\u00e9 et efficacit\u00e9 Chez PACKINOV, nous accompagnons nos clients dans une d\u00e9marche de performance, d\u2019efficacit\u00e9 et de productivit\u00e9 durable. PACK&rsquo;Formation \u00a0est un service d\u00e9di\u00e9 \u00e0 la transmission des bons gestes, des bons r\u00e9flexes et des bonnes pratiques \u00e0 vos op\u00e9rateurs, conducteurs de ligne ou techniciens de maintenance. [&hellip;]<\/p>\n","protected":false},"author":2,"featured_media":5407,"parent":21,"menu_order":0,"comment_status":"closed","ping_status":"closed","template":"","meta":{"_acf_changed":false,"footnotes":""},"class_list":["post-7815","page","type-page","status-publish","has-post-thumbnail","hentry"],"acf":[],"_links":{"self":[{"href":"https:\/\/www.packinov.fr\/en\/wp-json\/wp\/v2\/pages\/7815","targetHints":{"allow":["GET"]}}],"collection":[{"href":"https:\/\/www.packinov.fr\/en\/wp-json\/wp\/v2\/pages"}],"about":[{"href":"https:\/\/www.packinov.fr\/en\/wp-json\/wp\/v2\/types\/page"}],"author":[{"embeddable":true,"href":"https:\/\/www.packinov.fr\/en\/wp-json\/wp\/v2\/users\/2"}],"replies":[{"embeddable":true,"href":"https:\/\/www.packinov.fr\/en\/wp-json\/wp\/v2\/comments?post=7815"}],"version-history":[{"count":4,"href":"https:\/\/www.packinov.fr\/en\/wp-json\/wp\/v2\/pages\/7815\/revisions"}],"predecessor-version":[{"id":7820,"href":"https:\/\/www.packinov.fr\/en\/wp-json\/wp\/v2\/pages\/7815\/revisions\/7820"}],"up":[{"embeddable":true,"href":"https:\/\/www.packinov.fr\/en\/wp-json\/wp\/v2\/pages\/21"}],"wp:featuredmedia":[{"embeddable":true,"href":"https:\/\/www.packinov.fr\/en\/wp-json\/wp\/v2\/media\/5407"}],"wp:attachment":[{"href":"https:\/\/www.packinov.fr\/en\/wp-json\/wp\/v2\/media?parent=7815"}],"curies":[{"name":"wp","href":"https:\/\/api.w.org\/{rel}","templated":true}]}}