{"id":6221,"date":"2025-10-06T18:31:48","date_gmt":"2025-10-06T16:31:48","guid":{"rendered":"https:\/\/www.packinov.fr\/?page_id=6221"},"modified":"2025-10-18T09:33:35","modified_gmt":"2025-10-18T07:33:35","slug":"packinov-maintenance-contract","status":"publish","type":"page","link":"https:\/\/www.packinov.fr\/en\/services\/packinov-maintenance-contract\/","title":{"rendered":"PACKINOV maintenance contract"},"content":{"rendered":"\t\t<div data-elementor-type=\"wp-page\" data-elementor-id=\"6221\" class=\"elementor elementor-6221\" data-elementor-post-type=\"page\">\n\t\t\t\t\t\t<section class=\"elementor-section elementor-top-section elementor-element elementor-element-7e2d11c5 elementor-section-height-min-height elementor-section-boxed elementor-section-height-default elementor-section-items-middle elementor-invisible\" data-id=\"7e2d11c5\" data-element_type=\"section\" data-e-type=\"section\" id=\"pageSlider\" data-settings=\"{&quot;background_background&quot;:&quot;classic&quot;,&quot;animation&quot;:&quot;fadeInDown&quot;}\">\n\t\t\t\t\t\t\t<div class=\"elementor-background-overlay\"><\/div>\n\t\t\t\t\t\t\t<div class=\"elementor-container elementor-column-gap-default\">\n\t\t\t\t\t<div class=\"elementor-column elementor-col-100 elementor-top-column elementor-element elementor-element-7852280f\" data-id=\"7852280f\" data-element_type=\"column\" data-e-type=\"column\">\n\t\t\t<div class=\"elementor-widget-wrap elementor-element-populated\">\n\t\t\t\t\t\t<div class=\"elementor-element elementor-element-b43bed3 elementor-invisible elementor-widget elementor-widget-heading\" data-id=\"b43bed3\" data-element_type=\"widget\" data-e-type=\"widget\" data-settings=\"{&quot;_animation&quot;:&quot;fadeInUp&quot;,&quot;_animation_delay&quot;:200}\" data-widget_type=\"heading.default\">\n\t\t\t\t<div class=\"elementor-widget-container\">\n\t\t\t\t\t<h1 class=\"elementor-heading-title elementor-size-default\">Contrat de maintenance PACKINOV<\/h1>\t\t\t\t<\/div>\n\t\t\t\t<\/div>\n\t\t\t\t\t<\/div>\n\t\t<\/div>\n\t\t\t\t\t<\/div>\n\t\t<\/section>\n\t\t\t\t<section class=\"elementor-section elementor-top-section elementor-element elementor-element-26d8f0e2 elementor-hidden-mobile elementor-section-boxed elementor-section-height-default elementor-section-height-default elementor-invisible\" data-id=\"26d8f0e2\" data-element_type=\"section\" data-e-type=\"section\" data-settings=\"{&quot;animation&quot;:&quot;fadeInUp&quot;}\">\n\t\t\t\t\t\t<div class=\"elementor-container elementor-column-gap-default\">\n\t\t\t\t\t<div class=\"elementor-column elementor-col-100 elementor-top-column elementor-element elementor-element-274755d9\" data-id=\"274755d9\" data-element_type=\"column\" data-e-type=\"column\">\n\t\t\t<div class=\"elementor-widget-wrap elementor-element-populated\">\n\t\t\t\t\t\t<div class=\"elementor-element elementor-element-1d47cd0e breadcrumb elementor-widget elementor-widget-shortcode\" data-id=\"1d47cd0e\" data-element_type=\"widget\" data-e-type=\"widget\" data-widget_type=\"shortcode.default\">\n\t\t\t\t<div class=\"elementor-widget-container\">\n\t\t\t\t\t\t\t<div class=\"elementor-shortcode\"><nav aria-label=\"breadcrumbs\">\n            <div class=\"breadcrumb-container theme1\">\n                <ol>\n                                    <\/ol>\n            <\/div>\n        <\/nav>    <script type=\"application\/ld+json\">\n        {\n            \"@context\": \"http:\/\/schema.org\",\n            \"@type\": \"BreadcrumbList\",\n            \"itemListElement\": [\n                            ]\n        }\n    <\/script>\n   \n    <script>\n            <\/script>\n<\/div>\n\t\t\t\t\t\t<\/div>\n\t\t\t\t<\/div>\n\t\t\t\t\t<\/div>\n\t\t<\/div>\n\t\t\t\t\t<\/div>\n\t\t<\/section>\n\t\t\t\t<section class=\"elementor-section elementor-top-section elementor-element elementor-element-8d780f5 elementor-section-boxed elementor-section-height-default elementor-section-height-default\" data-id=\"8d780f5\" data-element_type=\"section\" data-e-type=\"section\">\n\t\t\t\t\t\t<div class=\"elementor-container elementor-column-gap-default\">\n\t\t\t\t\t<div class=\"elementor-column elementor-col-50 elementor-top-column elementor-element elementor-element-8da07db elementor-hidden-mobile elementor-invisible\" data-id=\"8da07db\" data-element_type=\"column\" data-e-type=\"column\" data-settings=\"{&quot;background_background&quot;:&quot;classic&quot;,&quot;animation&quot;:&quot;fadeInUp&quot;,&quot;animation_delay&quot;:400}\">\n\t\t\t<div class=\"elementor-widget-wrap elementor-element-populated\">\n\t\t\t\t\t\t<div class=\"elementor-element elementor-element-a03b3ca elementor-widget elementor-widget-spacer\" data-id=\"a03b3ca\" data-element_type=\"widget\" data-e-type=\"widget\" data-widget_type=\"spacer.default\">\n\t\t\t\t<div class=\"elementor-widget-container\">\n\t\t\t\t\t\t\t<div class=\"elementor-spacer\">\n\t\t\t<div class=\"elementor-spacer-inner\"><\/div>\n\t\t<\/div>\n\t\t\t\t\t\t<\/div>\n\t\t\t\t<\/div>\n\t\t\t\t\t<\/div>\n\t\t<\/div>\n\t\t\t\t<div class=\"elementor-column elementor-col-50 elementor-top-column elementor-element elementor-element-a9e9fde elementor-invisible\" data-id=\"a9e9fde\" data-element_type=\"column\" data-e-type=\"column\" data-settings=\"{&quot;animation&quot;:&quot;fadeInUp&quot;,&quot;animation_delay&quot;:200}\">\n\t\t\t<div class=\"elementor-widget-wrap elementor-element-populated\">\n\t\t\t\t\t\t<div class=\"elementor-element elementor-element-7ddaeea elementor-invisible elementor-widget elementor-widget-heading\" data-id=\"7ddaeea\" data-element_type=\"widget\" data-e-type=\"widget\" data-settings=\"{&quot;_animation&quot;:&quot;fadeInUp&quot;}\" data-widget_type=\"heading.default\">\n\t\t\t\t<div class=\"elementor-widget-container\">\n\t\t\t\t\t<span class=\"elementor-heading-title elementor-size-default\">les contrats de maintenance PACKINOV<\/span>\t\t\t\t<\/div>\n\t\t\t\t<\/div>\n\t\t\t\t<div class=\"elementor-element elementor-element-2844361 elementor-invisible elementor-widget elementor-widget-heading\" data-id=\"2844361\" data-element_type=\"widget\" data-e-type=\"widget\" data-settings=\"{&quot;_animation&quot;:&quot;fadeInUp&quot;,&quot;_animation_delay&quot;:200}\" data-widget_type=\"heading.default\">\n\t\t\t\t<div class=\"elementor-widget-container\">\n\t\t\t\t\t<h2 class=\"elementor-heading-title elementor-size-default\">De r\u00e9elle b\u00e9n\u00e9fices au quotidien<\/h2>\t\t\t\t<\/div>\n\t\t\t\t<\/div>\n\t\t\t\t<div class=\"elementor-element elementor-element-7d0f53f elementor-widget elementor-widget-text-editor\" data-id=\"7d0f53f\" data-element_type=\"widget\" data-e-type=\"widget\" data-widget_type=\"text-editor.default\">\n\t\t\t\t<div class=\"elementor-widget-container\">\n\t\t\t\t\t\t\t\t\t<p class=\"p1\">Chez PACKINOV, nous croyons en l\u2019accompagnement de proximit\u00e9.<\/p><p class=\"p1\">Nos contrats de maintenance ne sont pas de simples assurances : ce sont des <span class=\"s1\"><b>partenariats techniques durables<\/b><\/span>, pens\u00e9s pour vous permettre de vous concentrer sur votre production, pendant que nous nous occupons de vos machines.<\/p><h4><strong>Les b\u00e9n\u00e9fices sont nombreux et concrets :<\/strong><\/h4><ul><li class=\"p1\"><span class=\"s1\"><b>Productivit\u00e9 optimis\u00e9e<\/b><\/span> : r\u00e9duction drastique des arr\u00eats non planifi\u00e9s<\/li><li class=\"p1\"><span class=\"s1\"><b>S\u00e9curit\u00e9 renforc\u00e9e<\/b><\/span> : conformit\u00e9 aux recommandations constructeur<\/li><li class=\"p1\"><span class=\"s1\"><b>Performance durable<\/b><\/span> : fiabilit\u00e9 constante de votre ligne de production<\/li><li class=\"p1\"><span class=\"s1\"><b>Ma\u00eetrise des co\u00fbts<\/b><\/span> : forfait annuel ou mensuel, sans surprise<\/li><li class=\"p1\"><b>Acc\u00e8s prioritaire \u00e0 notre support technique<\/b><span class=\"s2\"> : r\u00e9duction des d\u00e9lais d\u2019intervention<\/span><\/li><li class=\"p1\"><span class=\"s1\"><b>Suivi document\u00e9<\/b><\/span> : rapports et historique disponibles \u00e0 tout moment<\/li><\/ul><p>\u00a0<\/p>\t\t\t\t\t\t\t\t<\/div>\n\t\t\t\t<\/div>\n\t\t\t\t\t<\/div>\n\t\t<\/div>\n\t\t\t\t\t<\/div>\n\t\t<\/section>\n\t\t\t\t<section class=\"elementor-section elementor-top-section elementor-element elementor-element-57da0bfe elementor-section-full_width elementor-section-height-default elementor-section-height-default elementor-invisible\" data-id=\"57da0bfe\" data-element_type=\"section\" data-e-type=\"section\" data-settings=\"{&quot;background_background&quot;:&quot;classic&quot;,&quot;animation&quot;:&quot;fadeInUp&quot;}\">\n\t\t\t\t\t\t<div class=\"elementor-container elementor-column-gap-default\">\n\t\t\t\t\t<div class=\"elementor-column elementor-col-100 elementor-top-column elementor-element elementor-element-f7d5dae\" data-id=\"f7d5dae\" data-element_type=\"column\" data-e-type=\"column\">\n\t\t\t<div class=\"elementor-widget-wrap elementor-element-populated\">\n\t\t\t\t\t\t<div class=\"elementor-element elementor-element-7463430f elementor-invisible elementor-widget elementor-widget-heading\" data-id=\"7463430f\" data-element_type=\"widget\" data-e-type=\"widget\" data-settings=\"{&quot;_animation&quot;:&quot;fadeInUp&quot;,&quot;_animation_delay&quot;:200}\" data-widget_type=\"heading.default\">\n\t\t\t\t<div class=\"elementor-widget-container\">\n\t\t\t\t\t<h2 class=\"elementor-heading-title elementor-size-default\">choisissez le contrat de maintenance adapt\u00e9 \u00e0 vos besoins<\/h2>\t\t\t\t<\/div>\n\t\t\t\t<\/div>\n\t\t\t\t<section class=\"elementor-section elementor-inner-section elementor-element elementor-element-e7210aa elementor-section-full_width elementor-section-height-default elementor-section-height-default elementor-invisible\" data-id=\"e7210aa\" data-element_type=\"section\" data-e-type=\"section\" data-settings=\"{&quot;animation&quot;:&quot;fadeInUp&quot;,&quot;animation_delay&quot;:400}\">\n\t\t\t\t\t\t<div class=\"elementor-container elementor-column-gap-default\">\n\t\t\t\t\t<div class=\"elementor-column elementor-col-25 elementor-inner-column elementor-element elementor-element-3d033b7b\" data-id=\"3d033b7b\" data-element_type=\"column\" data-e-type=\"column\">\n\t\t\t<div class=\"elementor-widget-wrap elementor-element-populated\">\n\t\t\t\t\t\t<div class=\"elementor-element elementor-element-323b7787 elementor-vertical-align-top elementor-widget elementor-widget-image-box\" data-id=\"323b7787\" data-element_type=\"widget\" data-e-type=\"widget\" data-widget_type=\"image-box.default\">\n\t\t\t\t<div class=\"elementor-widget-container\">\n\t\t\t\t\t<div class=\"elementor-image-box-wrapper\"><figure class=\"elementor-image-box-img\"><img fetchpriority=\"high\" decoding=\"async\" width=\"512\" height=\"512\" src=\"https:\/\/www.packinov.fr\/wp-content\/uploads\/2025\/10\/hotline.png\" class=\"attachment-full size-full wp-image-7774\" alt=\"\" srcset=\"https:\/\/www.packinov.fr\/wp-content\/uploads\/2025\/10\/hotline.png 512w, https:\/\/www.packinov.fr\/wp-content\/uploads\/2025\/10\/hotline-300x300.png 300w, https:\/\/www.packinov.fr\/wp-content\/uploads\/2025\/10\/hotline-150x150.png 150w, https:\/\/www.packinov.fr\/wp-content\/uploads\/2025\/10\/hotline-12x12.png 12w\" sizes=\"(max-width: 512px) 100vw, 512px\" \/><\/figure><div class=\"elementor-image-box-content\"><h3 class=\"elementor-image-box-title\">HOTLINE<\/h3><\/div><\/div>\t\t\t\t<\/div>\n\t\t\t\t<\/div>\n\t\t\t\t\t<\/div>\n\t\t<\/div>\n\t\t\t\t<div class=\"elementor-column elementor-col-25 elementor-inner-column elementor-element elementor-element-6f132892\" data-id=\"6f132892\" data-element_type=\"column\" data-e-type=\"column\">\n\t\t\t<div class=\"elementor-widget-wrap elementor-element-populated\">\n\t\t\t\t\t\t<div class=\"elementor-element elementor-element-28c2f2da elementor-vertical-align-top elementor-widget elementor-widget-image-box\" data-id=\"28c2f2da\" data-element_type=\"widget\" data-e-type=\"widget\" data-widget_type=\"image-box.default\">\n\t\t\t\t<div class=\"elementor-widget-container\">\n\t\t\t\t\t<div class=\"elementor-image-box-wrapper\"><figure class=\"elementor-image-box-img\"><img decoding=\"async\" width=\"512\" height=\"512\" src=\"https:\/\/www.packinov.fr\/wp-content\/uploads\/2025\/10\/cle-a-molette.png\" class=\"attachment-full size-full wp-image-7773\" alt=\"\" srcset=\"https:\/\/www.packinov.fr\/wp-content\/uploads\/2025\/10\/cle-a-molette.png 512w, https:\/\/www.packinov.fr\/wp-content\/uploads\/2025\/10\/cle-a-molette-300x300.png 300w, https:\/\/www.packinov.fr\/wp-content\/uploads\/2025\/10\/cle-a-molette-150x150.png 150w, https:\/\/www.packinov.fr\/wp-content\/uploads\/2025\/10\/cle-a-molette-12x12.png 12w\" sizes=\"(max-width: 512px) 100vw, 512px\" \/><\/figure><div class=\"elementor-image-box-content\"><h3 class=\"elementor-image-box-title\">BASIC<\/h3><\/div><\/div>\t\t\t\t<\/div>\n\t\t\t\t<\/div>\n\t\t\t\t\t<\/div>\n\t\t<\/div>\n\t\t\t\t<div class=\"elementor-column elementor-col-25 elementor-inner-column elementor-element elementor-element-54ffd181\" data-id=\"54ffd181\" data-element_type=\"column\" data-e-type=\"column\">\n\t\t\t<div class=\"elementor-widget-wrap elementor-element-populated\">\n\t\t\t\t\t\t<div class=\"elementor-element elementor-element-2ca26753 elementor-vertical-align-top elementor-widget elementor-widget-image-box\" data-id=\"2ca26753\" data-element_type=\"widget\" data-e-type=\"widget\" data-widget_type=\"image-box.default\">\n\t\t\t\t<div class=\"elementor-widget-container\">\n\t\t\t\t\t<div class=\"elementor-image-box-wrapper\"><figure class=\"elementor-image-box-img\"><img decoding=\"async\" width=\"512\" height=\"512\" src=\"https:\/\/www.packinov.fr\/wp-content\/uploads\/2025\/10\/prime.png\" class=\"attachment-full size-full wp-image-7772\" alt=\"\" srcset=\"https:\/\/www.packinov.fr\/wp-content\/uploads\/2025\/10\/prime.png 512w, https:\/\/www.packinov.fr\/wp-content\/uploads\/2025\/10\/prime-300x300.png 300w, https:\/\/www.packinov.fr\/wp-content\/uploads\/2025\/10\/prime-150x150.png 150w, https:\/\/www.packinov.fr\/wp-content\/uploads\/2025\/10\/prime-12x12.png 12w\" sizes=\"(max-width: 512px) 100vw, 512px\" \/><\/figure><div class=\"elementor-image-box-content\"><h3 class=\"elementor-image-box-title\">PREMIUM<\/h3><\/div><\/div>\t\t\t\t<\/div>\n\t\t\t\t<\/div>\n\t\t\t\t\t<\/div>\n\t\t<\/div>\n\t\t\t\t<div class=\"elementor-column elementor-col-25 elementor-inner-column elementor-element elementor-element-19f3c2af\" data-id=\"19f3c2af\" data-element_type=\"column\" data-e-type=\"column\">\n\t\t\t<div class=\"elementor-widget-wrap elementor-element-populated\">\n\t\t\t\t\t\t<div class=\"elementor-element elementor-element-9b5479f elementor-vertical-align-top elementor-widget elementor-widget-image-box\" data-id=\"9b5479f\" data-element_type=\"widget\" data-e-type=\"widget\" data-widget_type=\"image-box.default\">\n\t\t\t\t<div class=\"elementor-widget-container\">\n\t\t\t\t\t<div class=\"elementor-image-box-wrapper\"><figure class=\"elementor-image-box-img\"><img loading=\"lazy\" decoding=\"async\" width=\"512\" height=\"512\" src=\"https:\/\/www.packinov.fr\/wp-content\/uploads\/2025\/10\/personnalisation.png\" class=\"attachment-full size-full wp-image-7771\" alt=\"\" srcset=\"https:\/\/www.packinov.fr\/wp-content\/uploads\/2025\/10\/personnalisation.png 512w, https:\/\/www.packinov.fr\/wp-content\/uploads\/2025\/10\/personnalisation-300x300.png 300w, https:\/\/www.packinov.fr\/wp-content\/uploads\/2025\/10\/personnalisation-150x150.png 150w, https:\/\/www.packinov.fr\/wp-content\/uploads\/2025\/10\/personnalisation-12x12.png 12w\" sizes=\"(max-width: 512px) 100vw, 512px\" \/><\/figure><div class=\"elementor-image-box-content\"><h3 class=\"elementor-image-box-title\">SUR MESURE<\/h3><\/div><\/div>\t\t\t\t<\/div>\n\t\t\t\t<\/div>\n\t\t\t\t\t<\/div>\n\t\t<\/div>\n\t\t\t\t\t<\/div>\n\t\t<\/section>\n\t\t\t\t\t<\/div>\n\t\t<\/div>\n\t\t\t\t\t<\/div>\n\t\t<\/section>\n\t\t\t\t<section class=\"elementor-section elementor-top-section elementor-element elementor-element-5e5a464a responsiveWIDTH elementor-section-boxed elementor-section-height-default elementor-section-height-default\" data-id=\"5e5a464a\" data-element_type=\"section\" data-e-type=\"section\" id=\"produitIntro\">\n\t\t\t\t\t\t<div class=\"elementor-container elementor-column-gap-default\">\n\t\t\t\t\t<div class=\"elementor-column elementor-col-50 elementor-top-column elementor-element elementor-element-2a96b109 elementor-invisible\" data-id=\"2a96b109\" data-element_type=\"column\" data-e-type=\"column\" data-settings=\"{&quot;animation&quot;:&quot;fadeInUp&quot;,&quot;animation_delay&quot;:200}\">\n\t\t\t<div class=\"elementor-widget-wrap elementor-element-populated\">\n\t\t\t\t\t\t<div class=\"elementor-element elementor-element-3a910e54 elementor-invisible elementor-widget elementor-widget-heading\" data-id=\"3a910e54\" data-element_type=\"widget\" data-e-type=\"widget\" data-settings=\"{&quot;_animation&quot;:&quot;fadeInUp&quot;}\" data-widget_type=\"heading.default\">\n\t\t\t\t<div class=\"elementor-widget-container\">\n\t\t\t\t\t<span class=\"elementor-heading-title elementor-size-default\">un engagement PACKINOV<\/span>\t\t\t\t<\/div>\n\t\t\t\t<\/div>\n\t\t\t\t<div class=\"elementor-element elementor-element-10210362 elementor-invisible elementor-widget elementor-widget-heading\" data-id=\"10210362\" data-element_type=\"widget\" data-e-type=\"widget\" data-settings=\"{&quot;_animation&quot;:&quot;fadeInUp&quot;,&quot;_animation_delay&quot;:200}\" data-widget_type=\"heading.default\">\n\t\t\t\t<div class=\"elementor-widget-container\">\n\t\t\t\t\t<h2 class=\"elementor-heading-title elementor-size-default\">pour la performance de vos \u00e9quipements<\/h2>\t\t\t\t<\/div>\n\t\t\t\t<\/div>\n\t\t\t\t<div class=\"elementor-element elementor-element-21a422f8 elementor-widget-laptop__width-initial elementor-widget-mobile__width-initial elementor-widget elementor-widget-text-editor\" data-id=\"21a422f8\" data-element_type=\"widget\" data-e-type=\"widget\" data-widget_type=\"text-editor.default\">\n\t\t\t\t<div class=\"elementor-widget-container\">\n\t\t\t\t\t\t\t\t\t<h3><b>Pr\u00e9servez vos investissements, s\u00e9curisez votre production<\/b><\/h3><p class=\"p3\">Les <strong>machines de conditionnement PACKINOV<\/strong> sont con\u00e7ues pour durer.<\/p><p class=\"p3\">Mais pour garantir leur <strong>performance<\/strong> et leur <strong>fiabilit\u00e9<\/strong> dans le temps, rien ne vaut un suivi r\u00e9gulier et adapt\u00e9.<\/p><p class=\"p3\">Le <strong>contrat de maintenance PACKINOV<\/strong> vous permet de s\u00e9curiser votre outil de production tout en ma\u00eetrisant vos co\u00fbts, gr\u00e2ce \u00e0 une offre sur-mesure pens\u00e9e pour r\u00e9pondre \u00e0 vos contraintes industrielles.<\/p><p class=\"p1\">Vous b\u00e9n\u00e9ficiez d\u2019une v\u00e9ritable continuit\u00e9 de service et de l\u2019expertise directe de nos techniciens adapt\u00e9e \u00e0 vos besoins :<\/p><ul><li><p class=\"p1\"><span class=\"s1\"><b>Maintenance pr\u00e9ventive<\/b><\/span> : visites planifi\u00e9es, contr\u00f4le complet, ajustements techniques et conseils d\u2019optimisation.<\/p><\/li><li><p class=\"p1\"><span class=\"s1\"><b>Maintenance corrective<\/b><\/span> : intervention rapide en cas de panne ou dysfonctionnement, diagnostic complet et retour en production rapide.<\/p><\/li><li><p class=\"p1\"><span class=\"s1\"><b>Support technique r\u00e9actif<\/b><\/span> : assistance t\u00e9l\u00e9phonique ou sur site selon le contrat, acc\u00e8s direct \u00e0 notre hotline SAV par t\u00e9l\u00e9phone, <a href=\"https:\/\/www.packinov.fr\/services\/service-sav-connexion-distance-appli-conditionneuse-industrie-packassist\/\">PACK&rsquo;Assist,<\/a> routeur de t\u00e9l\u00e9maintenance sur machines&#8230;<\/p><\/li><\/ul><p class=\"p1\">Chaque intervention donne lieu \u00e0 un <span class=\"s2\"><b>rapport d\u00e9taill\u00e9<\/b><\/span> : toutes les op\u00e9rations sont trac\u00e9es, pour une transparence totale et une connaissance compl\u00e8te de l\u2019historique de votre machine.<\/p>\t\t\t\t\t\t\t\t<\/div>\n\t\t\t\t<\/div>\n\t\t\t\t<div class=\"elementor-element elementor-element-a141a0a elementor-align-center elementor-widget__width-initial elementor-widget elementor-widget-button\" data-id=\"a141a0a\" data-element_type=\"widget\" data-e-type=\"widget\" data-widget_type=\"button.default\">\n\t\t\t\t<div class=\"elementor-widget-container\">\n\t\t\t\t\t\t\t\t\t<div class=\"elementor-button-wrapper\">\n\t\t\t\t\t<a class=\"elementor-button elementor-button-link elementor-size-sm\" href=\"https:\/\/www.packinov.fr\/wp-content\/uploads\/2025\/10\/PACKINOV-Fiche-produit-Contrat-de-maintenance-FINAL-sans-prix.pdf\" target=\"_blank\">\n\t\t\t\t\t\t<span class=\"elementor-button-content-wrapper\">\n\t\t\t\t\t\t\t\t\t<span class=\"elementor-button-text\">T\u00e9l\u00e9chargez la fiche maintenance<\/span>\n\t\t\t\t\t<\/span>\n\t\t\t\t\t<\/a>\n\t\t\t\t<\/div>\n\t\t\t\t\t\t\t\t<\/div>\n\t\t\t\t<\/div>\n\t\t\t\t<div class=\"elementor-element elementor-element-e0f7219 elementor-align-center elementor-widget__width-initial elementor-widget elementor-widget-button\" data-id=\"e0f7219\" data-element_type=\"widget\" data-e-type=\"widget\" data-widget_type=\"button.default\">\n\t\t\t\t<div class=\"elementor-widget-container\">\n\t\t\t\t\t\t\t\t\t<div class=\"elementor-button-wrapper\">\n\t\t\t\t\t<a class=\"elementor-button elementor-button-link elementor-size-sm\" href=\"\/contact\">\n\t\t\t\t\t\t<span class=\"elementor-button-content-wrapper\">\n\t\t\t\t\t\t\t\t\t<span class=\"elementor-button-text\">Contactez-nous !<\/span>\n\t\t\t\t\t<\/span>\n\t\t\t\t\t<\/a>\n\t\t\t\t<\/div>\n\t\t\t\t\t\t\t\t<\/div>\n\t\t\t\t<\/div>\n\t\t\t\t\t<\/div>\n\t\t<\/div>\n\t\t\t\t<div class=\"elementor-column elementor-col-50 elementor-top-column elementor-element elementor-element-3cf006f elementor-hidden-mobile elementor-invisible\" data-id=\"3cf006f\" data-element_type=\"column\" data-e-type=\"column\" data-settings=\"{&quot;animation&quot;:&quot;fadeInUp&quot;}\">\n\t\t\t<div class=\"elementor-widget-wrap elementor-element-populated\">\n\t\t\t\t\t\t<div class=\"elementor-element elementor-element-bb6665a elementor-widget elementor-widget-image\" data-id=\"bb6665a\" data-element_type=\"widget\" data-e-type=\"widget\" data-widget_type=\"image.default\">\n\t\t\t\t<div class=\"elementor-widget-container\">\n\t\t\t\t\t\t\t\t\t\t\t\t\t\t\t<img loading=\"lazy\" decoding=\"async\" width=\"800\" height=\"593\" src=\"https:\/\/www.packinov.fr\/wp-content\/uploads\/2024\/01\/Camionnette-PACKINOV-1024x759.png\" class=\"attachment-large size-large wp-image-5240\" alt=\"\" srcset=\"https:\/\/www.packinov.fr\/wp-content\/uploads\/2024\/01\/Camionnette-PACKINOV-1024x759.png 1024w, https:\/\/www.packinov.fr\/wp-content\/uploads\/2024\/01\/Camionnette-PACKINOV-300x223.png 300w, https:\/\/www.packinov.fr\/wp-content\/uploads\/2024\/01\/Camionnette-PACKINOV-768x570.png 768w, https:\/\/www.packinov.fr\/wp-content\/uploads\/2024\/01\/Camionnette-PACKINOV-1536x1139.png 1536w, https:\/\/www.packinov.fr\/wp-content\/uploads\/2024\/01\/Camionnette-PACKINOV.png 2048w, https:\/\/www.packinov.fr\/wp-content\/uploads\/2024\/01\/Camionnette-PACKINOV-16x12.png 16w\" sizes=\"(max-width: 800px) 100vw, 800px\" \/>\t\t\t\t\t\t\t\t\t\t\t\t\t\t\t<\/div>\n\t\t\t\t<\/div>\n\t\t\t\t\t<\/div>\n\t\t<\/div>\n\t\t\t\t\t<\/div>\n\t\t<\/section>\n\t\t\t\t<section class=\"elementor-section elementor-top-section elementor-element elementor-element-0487822 elementor-section-full_width elementor-hidden-mobile elementor-section-height-default elementor-section-height-default elementor-invisible\" data-id=\"0487822\" data-element_type=\"section\" data-e-type=\"section\" data-settings=\"{&quot;background_background&quot;:&quot;classic&quot;,&quot;animation&quot;:&quot;fadeIn&quot;}\">\n\t\t\t\t\t\t\t<div class=\"elementor-background-overlay\"><\/div>\n\t\t\t\t\t\t\t<div class=\"elementor-container elementor-column-gap-default\">\n\t\t\t\t\t<div class=\"elementor-column elementor-col-100 elementor-top-column elementor-element elementor-element-5370442 elementor-invisible\" data-id=\"5370442\" data-element_type=\"column\" data-e-type=\"column\" data-settings=\"{&quot;animation&quot;:&quot;fadeInUp&quot;,&quot;animation_delay&quot;:1000}\">\n\t\t\t<div class=\"elementor-widget-wrap elementor-element-populated\">\n\t\t\t\t\t\t<div class=\"elementor-element elementor-element-a27b226 elementor-widget elementor-widget-text-editor\" data-id=\"a27b226\" data-element_type=\"widget\" data-e-type=\"widget\" data-widget_type=\"text-editor.default\">\n\t\t\t\t<div class=\"elementor-widget-container\">\n\t\t\t\t\t\t\t\t\t<p>Faites le choix de<b> la performance, de la s\u00e9r\u00e9nit\u00e9 et de la durabilit\u00e9 pour vos \u00e9quipements<\/b><\/p>\t\t\t\t\t\t\t\t<\/div>\n\t\t\t\t<\/div>\n\t\t\t\t\t<\/div>\n\t\t<\/div>\n\t\t\t\t\t<\/div>\n\t\t<\/section>\n\t\t\t\t<\/div>\n\t\t","protected":false},"excerpt":{"rendered":"<p>les contrats de maintenance PACKINOV De r\u00e9elle b\u00e9n\u00e9fices au quotidien Chez PACKINOV, nous croyons en l\u2019accompagnement de proximit\u00e9. Nos contrats de maintenance ne sont pas de simples assurances : ce sont des partenariats techniques durables, pens\u00e9s pour vous permettre de vous concentrer sur votre production, pendant que nous nous occupons de vos machines. Les b\u00e9n\u00e9fices [&hellip;]<\/p>\n","protected":false},"author":2,"featured_media":5407,"parent":21,"menu_order":0,"comment_status":"closed","ping_status":"closed","template":"","meta":{"_acf_changed":false,"footnotes":""},"class_list":["post-6221","page","type-page","status-publish","has-post-thumbnail","hentry"],"acf":[],"_links":{"self":[{"href":"https:\/\/www.packinov.fr\/en\/wp-json\/wp\/v2\/pages\/6221","targetHints":{"allow":["GET"]}}],"collection":[{"href":"https:\/\/www.packinov.fr\/en\/wp-json\/wp\/v2\/pages"}],"about":[{"href":"https:\/\/www.packinov.fr\/en\/wp-json\/wp\/v2\/types\/page"}],"author":[{"embeddable":true,"href":"https:\/\/www.packinov.fr\/en\/wp-json\/wp\/v2\/users\/2"}],"replies":[{"embeddable":true,"href":"https:\/\/www.packinov.fr\/en\/wp-json\/wp\/v2\/comments?post=6221"}],"version-history":[{"count":10,"href":"https:\/\/www.packinov.fr\/en\/wp-json\/wp\/v2\/pages\/6221\/revisions"}],"predecessor-version":[{"id":7785,"href":"https:\/\/www.packinov.fr\/en\/wp-json\/wp\/v2\/pages\/6221\/revisions\/7785"}],"up":[{"embeddable":true,"href":"https:\/\/www.packinov.fr\/en\/wp-json\/wp\/v2\/pages\/21"}],"wp:featuredmedia":[{"embeddable":true,"href":"https:\/\/www.packinov.fr\/en\/wp-json\/wp\/v2\/media\/5407"}],"wp:attachment":[{"href":"https:\/\/www.packinov.fr\/en\/wp-json\/wp\/v2\/media?parent=6221"}],"curies":[{"name":"wp","href":"https:\/\/api.w.org\/{rel}","templated":true}]}}