{"id":5492,"date":"2024-01-11T18:42:10","date_gmt":"2024-01-11T17:42:10","guid":{"rendered":"https:\/\/www.packinov.fr\/?page_id=5492"},"modified":"2024-01-17T16:48:07","modified_gmt":"2024-01-17T15:48:07","slug":"our-clients-are-talking","status":"publish","type":"page","link":"https:\/\/www.packinov.fr\/en\/our-clients-are-talking\/","title":{"rendered":"What our customers have to say"},"content":{"rendered":"\t\t<div data-elementor-type=\"wp-page\" data-elementor-id=\"5492\" class=\"elementor elementor-5492\" data-elementor-post-type=\"page\">\n\t\t\t\t\t\t<section class=\"elementor-section elementor-top-section elementor-element elementor-element-f676cb5 elementor-section-height-min-height elementor-section-boxed elementor-section-height-default elementor-section-items-middle elementor-invisible\" data-id=\"f676cb5\" data-element_type=\"section\" data-e-type=\"section\" data-settings=\"{&quot;background_background&quot;:&quot;classic&quot;,&quot;animation&quot;:&quot;fadeInDown&quot;}\">\n\t\t\t\t\t\t\t<div class=\"elementor-background-overlay\"><\/div>\n\t\t\t\t\t\t\t<div class=\"elementor-container elementor-column-gap-default\">\n\t\t\t\t\t<div class=\"elementor-column elementor-col-100 elementor-top-column elementor-element elementor-element-8d954f8\" data-id=\"8d954f8\" data-element_type=\"column\" data-e-type=\"column\">\n\t\t\t<div class=\"elementor-widget-wrap elementor-element-populated\">\n\t\t\t\t\t\t<div class=\"elementor-element elementor-element-02d8376 elementor-invisible elementor-widget elementor-widget-heading\" data-id=\"02d8376\" data-element_type=\"widget\" data-e-type=\"widget\" data-settings=\"{&quot;_animation&quot;:&quot;fadeInUp&quot;,&quot;_animation_delay&quot;:200}\" data-widget_type=\"heading.default\">\n\t\t\t\t<div class=\"elementor-widget-container\">\n\t\t\t\t\t<h1 class=\"elementor-heading-title elementor-size-default\">Nos clients en parlent<\/h1>\t\t\t\t<\/div>\n\t\t\t\t<\/div>\n\t\t\t\t\t<\/div>\n\t\t<\/div>\n\t\t\t\t\t<\/div>\n\t\t<\/section>\n\t\t\t\t<section class=\"elementor-section elementor-top-section elementor-element elementor-element-815e2f1 elementor-hidden-mobile elementor-section-boxed elementor-section-height-default elementor-section-height-default elementor-invisible\" data-id=\"815e2f1\" data-element_type=\"section\" data-e-type=\"section\" data-settings=\"{&quot;animation&quot;:&quot;fadeInUp&quot;}\">\n\t\t\t\t\t\t<div class=\"elementor-container elementor-column-gap-default\">\n\t\t\t\t\t<div class=\"elementor-column elementor-col-100 elementor-top-column elementor-element elementor-element-5175d57\" data-id=\"5175d57\" data-element_type=\"column\" data-e-type=\"column\">\n\t\t\t<div class=\"elementor-widget-wrap elementor-element-populated\">\n\t\t\t\t\t\t<div class=\"elementor-element elementor-element-48966bb breadcrumb elementor-widget elementor-widget-shortcode\" data-id=\"48966bb\" data-element_type=\"widget\" data-e-type=\"widget\" data-widget_type=\"shortcode.default\">\n\t\t\t\t<div class=\"elementor-widget-container\">\n\t\t\t\t\t\t\t<div class=\"elementor-shortcode\"><nav aria-label=\"breadcrumbs\">\n            <div class=\"breadcrumb-container theme1\">\n                <ol>\n                                    <\/ol>\n            <\/div>\n        <\/nav>    <script type=\"application\/ld+json\">\n        {\n            \"@context\": \"http:\/\/schema.org\",\n            \"@type\": \"BreadcrumbList\",\n            \"itemListElement\": [\n                            ]\n        }\n    <\/script>\n   \n    <script>\n            <\/script>\n<\/div>\n\t\t\t\t\t\t<\/div>\n\t\t\t\t<\/div>\n\t\t\t\t\t<\/div>\n\t\t<\/div>\n\t\t\t\t\t<\/div>\n\t\t<\/section>\n\t\t\t\t<section class=\"elementor-section elementor-top-section elementor-element elementor-element-adc1952 elementor-hidden-mobile elementor-section-boxed elementor-section-height-default elementor-section-height-default elementor-invisible\" data-id=\"adc1952\" data-element_type=\"section\" data-e-type=\"section\" data-settings=\"{&quot;animation&quot;:&quot;fadeInUp&quot;}\">\n\t\t\t\t\t\t<div class=\"elementor-container elementor-column-gap-default\">\n\t\t\t\t\t<div class=\"elementor-column elementor-col-100 elementor-top-column elementor-element elementor-element-dba160a\" data-id=\"dba160a\" data-element_type=\"column\" data-e-type=\"column\">\n\t\t\t<div class=\"elementor-widget-wrap elementor-element-populated\">\n\t\t\t\t\t\t<div class=\"elementor-element elementor-element-e407a39 elementor-grid-4 elementor-grid-tablet-2 elementor-grid-mobile-1 elementor-posts--thumbnail-top elementor-widget elementor-widget-posts\" data-id=\"e407a39\" data-element_type=\"widget\" data-e-type=\"widget\" data-settings=\"{&quot;pagination_type&quot;:&quot;prev_next&quot;,&quot;classic_columns&quot;:&quot;4&quot;,&quot;classic_columns_tablet&quot;:&quot;2&quot;,&quot;classic_columns_mobile&quot;:&quot;1&quot;,&quot;classic_row_gap&quot;:{&quot;unit&quot;:&quot;px&quot;,&quot;size&quot;:35,&quot;sizes&quot;:[]},&quot;classic_row_gap_laptop&quot;:{&quot;unit&quot;:&quot;px&quot;,&quot;size&quot;:&quot;&quot;,&quot;sizes&quot;:[]},&quot;classic_row_gap_tablet&quot;:{&quot;unit&quot;:&quot;px&quot;,&quot;size&quot;:&quot;&quot;,&quot;sizes&quot;:[]},&quot;classic_row_gap_mobile&quot;:{&quot;unit&quot;:&quot;px&quot;,&quot;size&quot;:&quot;&quot;,&quot;sizes&quot;:[]}}\" data-widget_type=\"posts.classic\">\n\t\t\t\t<div class=\"elementor-widget-container\">\n\t\t\t\t\t\t\t<div class=\"elementor-posts-container elementor-posts elementor-posts--skin-classic elementor-grid\" role=\"list\">\n\t\t\t\t<article class=\"elementor-post elementor-grid-item post-7890 post type-post status-publish format-standard has-post-thumbnail hentry category-actualites category-nos-clients-en-parlent\" role=\"listitem\">\n\t\t\t\t<a class=\"elementor-post__thumbnail__link\" href=\"https:\/\/www.packinov.fr\/en\/packinov-packaging-machine-laita-industrie\/\" tabindex=\"-1\" >\n\t\t\t<div class=\"elementor-post__thumbnail\"><img fetchpriority=\"high\" decoding=\"async\" width=\"2048\" height=\"1583\" src=\"https:\/\/www.packinov.fr\/wp-content\/uploads\/2025\/12\/laita2-scaled.png\" class=\"attachment-full size-full wp-image-7894\" alt=\"\" srcset=\"https:\/\/www.packinov.fr\/wp-content\/uploads\/2025\/12\/laita2-scaled.png 2048w, https:\/\/www.packinov.fr\/wp-content\/uploads\/2025\/12\/laita2-300x232.png 300w, https:\/\/www.packinov.fr\/wp-content\/uploads\/2025\/12\/laita2-1024x791.png 1024w, https:\/\/www.packinov.fr\/wp-content\/uploads\/2025\/12\/laita2-768x594.png 768w, https:\/\/www.packinov.fr\/wp-content\/uploads\/2025\/12\/laita2-1536x1187.png 1536w, https:\/\/www.packinov.fr\/wp-content\/uploads\/2025\/12\/laita2-16x12.png 16w\" sizes=\"(max-width: 2048px) 100vw, 2048px\" \/><\/div>\n\t\t<\/a>\n\t\t\t\t<div class=\"elementor-post__text\">\n\t\t\t\t<h3 class=\"elementor-post__title\">\n\t\t\t<a href=\"https:\/\/www.packinov.fr\/en\/packinov-packaging-machine-laita-industrie\/\" >\n\t\t\t\tLa\u00efta\t\t\t<\/a>\n\t\t<\/h3>\n\t\t\t\t<div class=\"elementor-post__meta-data\">\n\t\t\t\t\t<span class=\"elementor-post-date\">\n\t\t\t2 December 2025\t\t<\/span>\n\t\t\t\t<\/div>\n\t\t\t\t<div class=\"elementor-post__excerpt\">\n\t\t\t<p>LA\u00cfTA renouvelle sa confiance en PACKINOV avec l&rsquo;acquisition d&rsquo;une deuxi\u00e8me ligne de conditionnement !<\/p>\n\t\t<\/div>\n\t\t\n\t\t<a class=\"elementor-post__read-more\" href=\"https:\/\/www.packinov.fr\/en\/packinov-packaging-machine-laita-industrie\/\" aria-label=\"Read more about La\u00efta\" tabindex=\"-1\" >\n\t\t\tD\u00e9tails \u00bb\t\t<\/a>\n\n\t\t\t\t<\/div>\n\t\t\t\t<\/article>\n\t\t\t\t<article class=\"elementor-post elementor-grid-item post-5510 post type-post status-publish format-standard has-post-thumbnail hentry category-actualites category-nos-clients-en-parlent\" role=\"listitem\">\n\t\t\t\t<a class=\"elementor-post__thumbnail__link\" href=\"https:\/\/www.packinov.fr\/en\/iut-de-caen\/\" tabindex=\"-1\" >\n\t\t\t<div class=\"elementor-post__thumbnail\"><img decoding=\"async\" width=\"1536\" height=\"2048\" src=\"https:\/\/www.packinov.fr\/wp-content\/uploads\/2024\/04\/Photo-packinov-D-DELAUNAY-scaled.jpg\" class=\"attachment-full size-full wp-image-6741\" alt=\"\" srcset=\"https:\/\/www.packinov.fr\/wp-content\/uploads\/2024\/04\/Photo-packinov-D-DELAUNAY-scaled.jpg 1536w, https:\/\/www.packinov.fr\/wp-content\/uploads\/2024\/04\/Photo-packinov-D-DELAUNAY-225x300.jpg 225w, https:\/\/www.packinov.fr\/wp-content\/uploads\/2024\/04\/Photo-packinov-D-DELAUNAY-768x1024.jpg 768w, https:\/\/www.packinov.fr\/wp-content\/uploads\/2024\/04\/Photo-packinov-D-DELAUNAY-1152x1536.jpg 1152w, https:\/\/www.packinov.fr\/wp-content\/uploads\/2024\/04\/Photo-packinov-D-DELAUNAY-9x12.jpg 9w\" sizes=\"(max-width: 1536px) 100vw, 1536px\" \/><\/div>\n\t\t<\/a>\n\t\t\t\t<div class=\"elementor-post__text\">\n\t\t\t\t<h3 class=\"elementor-post__title\">\n\t\t\t<a href=\"https:\/\/www.packinov.fr\/en\/iut-de-caen\/\" >\n\t\t\t\td\u00e9partement G\u00e9nie Biologique de l&rsquo;IUT Grand Ouest Normandie\t\t\t<\/a>\n\t\t<\/h3>\n\t\t\t\t<div class=\"elementor-post__meta-data\">\n\t\t\t\t\t<span class=\"elementor-post-date\">\n\t\t\t11 January 2024\t\t<\/span>\n\t\t\t\t<\/div>\n\t\t\t\t<div class=\"elementor-post__excerpt\">\n\t\t\t<p>D\u00e9couvrez la vie et l&rsquo;utilisation unique de la machine de conditionnement PACKINOV par les \u00e9tudiants du d\u00e9partement G\u00e9nie Biologique de l&rsquo;IUT Grand Ouest Normandie<\/p>\n\t\t<\/div>\n\t\t\n\t\t<a class=\"elementor-post__read-more\" href=\"https:\/\/www.packinov.fr\/en\/iut-de-caen\/\" aria-label=\"Read more about d\u00e9partement G\u00e9nie Biologique de l&rsquo;IUT Grand Ouest Normandie\" tabindex=\"-1\" >\n\t\t\tD\u00e9tails \u00bb\t\t<\/a>\n\n\t\t\t\t<\/div>\n\t\t\t\t<\/article>\n\t\t\t\t<article class=\"elementor-post elementor-grid-item post-5495 post type-post status-publish format-standard has-post-thumbnail hentry category-actualites category-nos-clients-en-parlent\" role=\"listitem\">\n\t\t\t\t<a class=\"elementor-post__thumbnail__link\" href=\"https:\/\/www.packinov.fr\/en\/fromagerie-valicella\/\" tabindex=\"-1\" >\n\t\t\t<div class=\"elementor-post__thumbnail\"><img decoding=\"async\" width=\"1363\" height=\"862\" src=\"https:\/\/www.packinov.fr\/wp-content\/uploads\/2024\/01\/Capture-decran-2024-01-15-a-10.24.21.png\" class=\"attachment-full size-full wp-image-5517\" alt=\"\" srcset=\"https:\/\/www.packinov.fr\/wp-content\/uploads\/2024\/01\/Capture-decran-2024-01-15-a-10.24.21.png 1363w, https:\/\/www.packinov.fr\/wp-content\/uploads\/2024\/01\/Capture-decran-2024-01-15-a-10.24.21-300x190.png 300w, https:\/\/www.packinov.fr\/wp-content\/uploads\/2024\/01\/Capture-decran-2024-01-15-a-10.24.21-1024x648.png 1024w, https:\/\/www.packinov.fr\/wp-content\/uploads\/2024\/01\/Capture-decran-2024-01-15-a-10.24.21-768x486.png 768w, https:\/\/www.packinov.fr\/wp-content\/uploads\/2024\/01\/Capture-decran-2024-01-15-a-10.24.21-18x12.png 18w\" sizes=\"(max-width: 1363px) 100vw, 1363px\" \/><\/div>\n\t\t<\/a>\n\t\t\t\t<div class=\"elementor-post__text\">\n\t\t\t\t<h3 class=\"elementor-post__title\">\n\t\t\t<a href=\"https:\/\/www.packinov.fr\/en\/fromagerie-valicella\/\" >\n\t\t\t\tFromagerie Valicella\t\t\t<\/a>\n\t\t<\/h3>\n\t\t\t\t<div class=\"elementor-post__meta-data\">\n\t\t\t\t\t<span class=\"elementor-post-date\">\n\t\t\t11 January 2024\t\t<\/span>\n\t\t\t\t<\/div>\n\t\t\t\t<div class=\"elementor-post__excerpt\">\n\t\t\t<p>Quand les conditionneuses PACKINOV se mettent au service des yaourts fabriqu\u00e9s en Corse !<\/p>\n\t\t<\/div>\n\t\t\n\t\t<a class=\"elementor-post__read-more\" href=\"https:\/\/www.packinov.fr\/en\/fromagerie-valicella\/\" aria-label=\"Read more about Fromagerie Valicella\" tabindex=\"-1\" >\n\t\t\tD\u00e9tails \u00bb\t\t<\/a>\n\n\t\t\t\t<\/div>\n\t\t\t\t<\/article>\n\t\t\t\t<\/div>\n\t\t\n\t\t\t\t\t\t<\/div>\n\t\t\t\t<\/div>\n\t\t\t\t\t<\/div>\n\t\t<\/div>\n\t\t\t\t\t<\/div>\n\t\t<\/section>\n\t\t\t\t<\/div>\n\t\t","protected":false},"excerpt":{"rendered":"<p>What our customers have to say<\/p>","protected":false},"author":2,"featured_media":2868,"parent":0,"menu_order":0,"comment_status":"closed","ping_status":"closed","template":"","meta":{"_acf_changed":false,"footnotes":""},"class_list":["post-5492","page","type-page","status-publish","has-post-thumbnail","hentry"],"acf":[],"_links":{"self":[{"href":"https:\/\/www.packinov.fr\/en\/wp-json\/wp\/v2\/pages\/5492","targetHints":{"allow":["GET"]}}],"collection":[{"href":"https:\/\/www.packinov.fr\/en\/wp-json\/wp\/v2\/pages"}],"about":[{"href":"https:\/\/www.packinov.fr\/en\/wp-json\/wp\/v2\/types\/page"}],"author":[{"embeddable":true,"href":"https:\/\/www.packinov.fr\/en\/wp-json\/wp\/v2\/users\/2"}],"replies":[{"embeddable":true,"href":"https:\/\/www.packinov.fr\/en\/wp-json\/wp\/v2\/comments?post=5492"}],"version-history":[{"count":0,"href":"https:\/\/www.packinov.fr\/en\/wp-json\/wp\/v2\/pages\/5492\/revisions"}],"wp:featuredmedia":[{"embeddable":true,"href":"https:\/\/www.packinov.fr\/en\/wp-json\/wp\/v2\/media\/2868"}],"wp:attachment":[{"href":"https:\/\/www.packinov.fr\/en\/wp-json\/wp\/v2\/media?parent=5492"}],"curies":[{"name":"wp","href":"https:\/\/api.w.org\/{rel}","templated":true}]}}