{"id":4930,"date":"2024-01-04T16:01:29","date_gmt":"2024-01-04T15:01:29","guid":{"rendered":"https:\/\/www.packinov.fr\/?page_id=4930"},"modified":"2024-06-03T13:44:24","modified_gmt":"2024-06-03T11:44:24","slug":"service-after-sales-sav-conditioning-machine-packaging-industry","status":"publish","type":"page","link":"https:\/\/www.packinov.fr\/en\/services\/service-apres-vente-sav-conditionneuse-machine-conditionnement-industrie\/","title":{"rendered":"After-sales service"},"content":{"rendered":"\t\t<div data-elementor-type=\"wp-page\" data-elementor-id=\"4930\" class=\"elementor elementor-4930\" data-elementor-post-type=\"page\">\n\t\t\t\t\t\t<section class=\"elementor-section elementor-top-section elementor-element elementor-element-7e2d11c5 elementor-section-height-min-height elementor-section-boxed elementor-section-height-default elementor-section-items-middle elementor-invisible\" data-id=\"7e2d11c5\" data-element_type=\"section\" data-e-type=\"section\" id=\"pageSlider\" data-settings=\"{&quot;background_background&quot;:&quot;classic&quot;,&quot;animation&quot;:&quot;fadeInDown&quot;}\">\n\t\t\t\t\t\t\t<div class=\"elementor-background-overlay\"><\/div>\n\t\t\t\t\t\t\t<div class=\"elementor-container elementor-column-gap-default\">\n\t\t\t\t\t<div class=\"elementor-column elementor-col-100 elementor-top-column elementor-element elementor-element-7852280f\" data-id=\"7852280f\" data-element_type=\"column\" data-e-type=\"column\">\n\t\t\t<div class=\"elementor-widget-wrap elementor-element-populated\">\n\t\t\t\t\t\t<div class=\"elementor-element elementor-element-b43bed3 elementor-invisible elementor-widget elementor-widget-heading\" data-id=\"b43bed3\" data-element_type=\"widget\" data-e-type=\"widget\" data-settings=\"{&quot;_animation&quot;:&quot;fadeInUp&quot;,&quot;_animation_delay&quot;:200}\" data-widget_type=\"heading.default\">\n\t\t\t\t<div class=\"elementor-widget-container\">\n\t\t\t\t\t<h1 class=\"elementor-heading-title elementor-size-default\">Service apr\u00e8s-vente<\/h1>\t\t\t\t<\/div>\n\t\t\t\t<\/div>\n\t\t\t\t\t<\/div>\n\t\t<\/div>\n\t\t\t\t\t<\/div>\n\t\t<\/section>\n\t\t\t\t<section class=\"elementor-section elementor-top-section elementor-element elementor-element-26d8f0e2 elementor-hidden-mobile elementor-section-boxed elementor-section-height-default elementor-section-height-default elementor-invisible\" data-id=\"26d8f0e2\" data-element_type=\"section\" data-e-type=\"section\" data-settings=\"{&quot;animation&quot;:&quot;fadeInUp&quot;}\">\n\t\t\t\t\t\t<div class=\"elementor-container elementor-column-gap-default\">\n\t\t\t\t\t<div class=\"elementor-column elementor-col-100 elementor-top-column elementor-element elementor-element-274755d9\" data-id=\"274755d9\" data-element_type=\"column\" data-e-type=\"column\">\n\t\t\t<div class=\"elementor-widget-wrap elementor-element-populated\">\n\t\t\t\t\t\t<div class=\"elementor-element elementor-element-1d47cd0e breadcrumb elementor-widget elementor-widget-shortcode\" data-id=\"1d47cd0e\" data-element_type=\"widget\" data-e-type=\"widget\" data-widget_type=\"shortcode.default\">\n\t\t\t\t<div class=\"elementor-widget-container\">\n\t\t\t\t\t\t\t<div class=\"elementor-shortcode\"><nav aria-label=\"breadcrumbs\">\n            <div class=\"breadcrumb-container theme1\">\n                <ol>\n                                    <\/ol>\n            <\/div>\n        <\/nav>    <script type=\"application\/ld+json\">\n        {\n            \"@context\": \"http:\/\/schema.org\",\n            \"@type\": \"BreadcrumbList\",\n            \"itemListElement\": [\n                            ]\n        }\n    <\/script>\n   \n    <script>\n            <\/script>\n<\/div>\n\t\t\t\t\t\t<\/div>\n\t\t\t\t<\/div>\n\t\t\t\t\t<\/div>\n\t\t<\/div>\n\t\t\t\t\t<\/div>\n\t\t<\/section>\n\t\t\t\t<section class=\"elementor-section elementor-top-section elementor-element elementor-element-5e5a464a responsiveWIDTH elementor-section-boxed elementor-section-height-default elementor-section-height-default\" data-id=\"5e5a464a\" data-element_type=\"section\" data-e-type=\"section\" id=\"produitIntro\">\n\t\t\t\t\t\t<div class=\"elementor-container elementor-column-gap-default\">\n\t\t\t\t\t<div class=\"elementor-column elementor-col-50 elementor-top-column elementor-element elementor-element-2a96b109 elementor-invisible\" data-id=\"2a96b109\" data-element_type=\"column\" data-e-type=\"column\" data-settings=\"{&quot;animation&quot;:&quot;fadeInUp&quot;,&quot;animation_delay&quot;:200}\">\n\t\t\t<div class=\"elementor-widget-wrap elementor-element-populated\">\n\t\t\t\t\t\t<div class=\"elementor-element elementor-element-3a910e54 elementor-invisible elementor-widget elementor-widget-heading\" data-id=\"3a910e54\" data-element_type=\"widget\" data-e-type=\"widget\" data-settings=\"{&quot;_animation&quot;:&quot;fadeInUp&quot;}\" data-widget_type=\"heading.default\">\n\t\t\t\t<div class=\"elementor-widget-container\">\n\t\t\t\t\t<span class=\"elementor-heading-title elementor-size-default\">service apr\u00e8s vente en france<\/span>\t\t\t\t<\/div>\n\t\t\t\t<\/div>\n\t\t\t\t<div class=\"elementor-element elementor-element-10210362 elementor-invisible elementor-widget elementor-widget-heading\" data-id=\"10210362\" data-element_type=\"widget\" data-e-type=\"widget\" data-settings=\"{&quot;_animation&quot;:&quot;fadeInUp&quot;,&quot;_animation_delay&quot;:200}\" data-widget_type=\"heading.default\">\n\t\t\t\t<div class=\"elementor-widget-container\">\n\t\t\t\t\t<h2 class=\"elementor-heading-title elementor-size-default\">Pour une r\u00e9activit\u00e9 maximale<\/h2>\t\t\t\t<\/div>\n\t\t\t\t<\/div>\n\t\t\t\t<div class=\"elementor-element elementor-element-21a422f8 elementor-widget-laptop__width-initial elementor-widget-mobile__width-initial elementor-widget elementor-widget-text-editor\" data-id=\"21a422f8\" data-element_type=\"widget\" data-e-type=\"widget\" data-widget_type=\"text-editor.default\">\n\t\t\t\t<div class=\"elementor-widget-container\">\n\t\t\t\t\t\t\t\t\t<p>Le service apr\u00e8s vente PACKINOV est bas\u00e9 en France. Il est \u00e0 vos c\u00f4t\u00e9s pour <strong>entretenir, r\u00e9parer<\/strong> et faire <strong>\u00e9voluer votre machine conditionnement, votre ligne de conditionnement, votre conditionneuse ou votre doseur.<\/strong><\/p><p>Nous sommes \u00e0 votre \u00e9coute pour vous <strong>guider au t\u00e9l\u00e9phone<\/strong> pour les pannes de machines les plus b\u00e9nignes, ou pour <strong>intervenir sur votre site<\/strong> dans le cadre d\u2019un diagnostic, d\u2019un contrat de maintenance ou d\u2019une r\u00e9paration plus cons\u00e9quente.<\/p><p>Enfin, nous pouvons \u00e9galement retrofiter, r\u00e9nover ou upgrader vos <strong>machines, lignes de conditionnement, conditionneuses ou doseurs<\/strong> PACKINOV <strong>dans nos ateliers<\/strong> pour augmenter leurs performances et ajouter de nouvelles fonctionnalit\u00e9s.<\/p><p>Avec le service apr\u00e8s-vente PACKINOV en France, vous avez l&rsquo;assurance d&rsquo;une production optimis\u00e9e et adapt\u00e9e \u00e0 vos besoins, tout au long de la vie de votre machine.<\/p><p>Et pour certaines <strong>pannes de machines, conditionneuses ou doseurs, <\/strong>elles sont souvent faciles \u00e0 corriger et nous aimons transmettre votre savoir pour que vous puissiez agir en totale autonomie, gr\u00e2ce aux <strong>guides SAV PACKINOV ci-dessous. <\/strong><\/p><p>De m\u00eame, certaines <strong>actions de maintenance<\/strong> sont simples et vous pouvez les r\u00e9aliser vous-m\u00eame avec peu d\u2019outils.<\/p>\t\t\t\t\t\t\t\t<\/div>\n\t\t\t\t<\/div>\n\t\t\t\t<div class=\"elementor-element elementor-element-a141a0a elementor-align-center elementor-widget__width-initial elementor-widget elementor-widget-button\" data-id=\"a141a0a\" data-element_type=\"widget\" data-e-type=\"widget\" data-widget_type=\"button.default\">\n\t\t\t\t<div class=\"elementor-widget-container\">\n\t\t\t\t\t\t\t\t\t<div class=\"elementor-button-wrapper\">\n\t\t\t\t\t<a class=\"elementor-button elementor-button-link elementor-size-sm\" href=\"\/contact\">\n\t\t\t\t\t\t<span class=\"elementor-button-content-wrapper\">\n\t\t\t\t\t\t\t\t\t<span class=\"elementor-button-text\">Contactez le SAV<\/span>\n\t\t\t\t\t<\/span>\n\t\t\t\t\t<\/a>\n\t\t\t\t<\/div>\n\t\t\t\t\t\t\t\t<\/div>\n\t\t\t\t<\/div>\n\t\t\t\t<div class=\"elementor-element elementor-element-1427fc1 elementor-align-center elementor-widget__width-initial elementor-widget elementor-widget-button\" data-id=\"1427fc1\" data-element_type=\"widget\" data-e-type=\"widget\" data-widget_type=\"button.default\">\n\t\t\t\t<div class=\"elementor-widget-container\">\n\t\t\t\t\t\t\t\t\t<div class=\"elementor-button-wrapper\">\n\t\t\t\t\t<a class=\"elementor-button elementor-button-link elementor-size-sm\" href=\"\/services\/guide-sav-conditionneuse-machine-conditionnement\">\n\t\t\t\t\t\t<span class=\"elementor-button-content-wrapper\">\n\t\t\t\t\t\t\t\t\t<span class=\"elementor-button-text\">d\u00e9couvrez les guides SAV<\/span>\n\t\t\t\t\t<\/span>\n\t\t\t\t\t<\/a>\n\t\t\t\t<\/div>\n\t\t\t\t\t\t\t\t<\/div>\n\t\t\t\t<\/div>\n\t\t\t\t\t<\/div>\n\t\t<\/div>\n\t\t\t\t<div class=\"elementor-column elementor-col-50 elementor-top-column elementor-element elementor-element-3cf006f elementor-hidden-mobile elementor-invisible\" data-id=\"3cf006f\" data-element_type=\"column\" data-e-type=\"column\" data-settings=\"{&quot;animation&quot;:&quot;fadeInUp&quot;}\">\n\t\t\t<div class=\"elementor-widget-wrap elementor-element-populated\">\n\t\t\t\t\t\t<div class=\"elementor-element elementor-element-bb6665a elementor-widget elementor-widget-image\" data-id=\"bb6665a\" data-element_type=\"widget\" data-e-type=\"widget\" data-widget_type=\"image.default\">\n\t\t\t\t<div class=\"elementor-widget-container\">\n\t\t\t\t\t\t\t\t\t\t\t\t\t\t\t<img fetchpriority=\"high\" decoding=\"async\" width=\"800\" height=\"593\" src=\"https:\/\/www.packinov.fr\/wp-content\/uploads\/2024\/01\/Camionnette-PACKINOV-1024x759.png\" class=\"attachment-large size-large wp-image-5240\" alt=\"\" srcset=\"https:\/\/www.packinov.fr\/wp-content\/uploads\/2024\/01\/Camionnette-PACKINOV-1024x759.png 1024w, https:\/\/www.packinov.fr\/wp-content\/uploads\/2024\/01\/Camionnette-PACKINOV-300x223.png 300w, https:\/\/www.packinov.fr\/wp-content\/uploads\/2024\/01\/Camionnette-PACKINOV-768x570.png 768w, https:\/\/www.packinov.fr\/wp-content\/uploads\/2024\/01\/Camionnette-PACKINOV-1536x1139.png 1536w, https:\/\/www.packinov.fr\/wp-content\/uploads\/2024\/01\/Camionnette-PACKINOV.png 2048w, https:\/\/www.packinov.fr\/wp-content\/uploads\/2024\/01\/Camionnette-PACKINOV-16x12.png 16w\" sizes=\"(max-width: 800px) 100vw, 800px\" \/>\t\t\t\t\t\t\t\t\t\t\t\t\t\t\t<\/div>\n\t\t\t\t<\/div>\n\t\t\t\t\t<\/div>\n\t\t<\/div>\n\t\t\t\t\t<\/div>\n\t\t<\/section>\n\t\t\t\t<section class=\"elementor-section elementor-top-section elementor-element elementor-element-0487822 elementor-section-full_width elementor-section-height-default elementor-section-height-default elementor-invisible\" data-id=\"0487822\" data-element_type=\"section\" data-e-type=\"section\" data-settings=\"{&quot;background_background&quot;:&quot;classic&quot;,&quot;animation&quot;:&quot;fadeIn&quot;}\">\n\t\t\t\t\t\t\t<div class=\"elementor-background-overlay\"><\/div>\n\t\t\t\t\t\t\t<div class=\"elementor-container elementor-column-gap-default\">\n\t\t\t\t\t<div class=\"elementor-column elementor-col-100 elementor-top-column elementor-element elementor-element-5370442 elementor-invisible\" data-id=\"5370442\" data-element_type=\"column\" data-e-type=\"column\" data-settings=\"{&quot;animation&quot;:&quot;fadeInUp&quot;,&quot;animation_delay&quot;:1000}\">\n\t\t\t<div class=\"elementor-widget-wrap elementor-element-populated\">\n\t\t\t\t\t\t<div class=\"elementor-element elementor-element-a27b226 elementor-widget elementor-widget-text-editor\" data-id=\"a27b226\" data-element_type=\"widget\" data-e-type=\"widget\" data-widget_type=\"text-editor.default\">\n\t\t\t\t<div class=\"elementor-widget-container\">\n\t\t\t\t\t\t\t\t\t<p>Avec le service apr\u00e8s-vente <strong>PACKINOV<\/strong> en France,<\/p><p>vous avez l&rsquo;assurance d&rsquo;une <strong>production optimis\u00e9e et adapt\u00e9e \u00e0 vos besoins<\/strong>, tout au long de la vie de votre machine.<\/p>\t\t\t\t\t\t\t\t<\/div>\n\t\t\t\t<\/div>\n\t\t\t\t\t<\/div>\n\t\t<\/div>\n\t\t\t\t\t<\/div>\n\t\t<\/section>\n\t\t\t\t<section class=\"elementor-section elementor-top-section elementor-element elementor-element-8d780f5 elementor-section-boxed elementor-section-height-default elementor-section-height-default\" data-id=\"8d780f5\" data-element_type=\"section\" data-e-type=\"section\">\n\t\t\t\t\t\t<div class=\"elementor-container elementor-column-gap-default\">\n\t\t\t\t\t<div class=\"elementor-column elementor-col-50 elementor-top-column elementor-element elementor-element-8da07db elementor-hidden-mobile elementor-invisible\" data-id=\"8da07db\" data-element_type=\"column\" data-e-type=\"column\" data-settings=\"{&quot;background_background&quot;:&quot;classic&quot;,&quot;animation&quot;:&quot;fadeInUp&quot;,&quot;animation_delay&quot;:400}\">\n\t\t\t<div class=\"elementor-widget-wrap elementor-element-populated\">\n\t\t\t\t\t\t<div class=\"elementor-element elementor-element-a03b3ca elementor-widget elementor-widget-spacer\" data-id=\"a03b3ca\" data-element_type=\"widget\" data-e-type=\"widget\" data-widget_type=\"spacer.default\">\n\t\t\t\t<div class=\"elementor-widget-container\">\n\t\t\t\t\t\t\t<div class=\"elementor-spacer\">\n\t\t\t<div class=\"elementor-spacer-inner\"><\/div>\n\t\t<\/div>\n\t\t\t\t\t\t<\/div>\n\t\t\t\t<\/div>\n\t\t\t\t\t<\/div>\n\t\t<\/div>\n\t\t\t\t<div class=\"elementor-column elementor-col-50 elementor-top-column elementor-element elementor-element-a9e9fde elementor-invisible\" data-id=\"a9e9fde\" data-element_type=\"column\" data-e-type=\"column\" data-settings=\"{&quot;animation&quot;:&quot;fadeInUp&quot;,&quot;animation_delay&quot;:200}\">\n\t\t\t<div class=\"elementor-widget-wrap elementor-element-populated\">\n\t\t\t\t\t\t<div class=\"elementor-element elementor-element-2844361 elementor-invisible elementor-widget elementor-widget-heading\" data-id=\"2844361\" data-element_type=\"widget\" data-e-type=\"widget\" data-settings=\"{&quot;_animation&quot;:&quot;fadeInUp&quot;,&quot;_animation_delay&quot;:200}\" data-widget_type=\"heading.default\">\n\t\t\t\t<div class=\"elementor-widget-container\">\n\t\t\t\t\t<h2 class=\"elementor-heading-title elementor-size-default\">Les interventions <br \/> SAV PACKINOV<\/h2>\t\t\t\t<\/div>\n\t\t\t\t<\/div>\n\t\t\t\t<div class=\"elementor-element elementor-element-7d0f53f elementor-widget elementor-widget-text-editor\" data-id=\"7d0f53f\" data-element_type=\"widget\" data-e-type=\"widget\" data-widget_type=\"text-editor.default\">\n\t\t\t\t<div class=\"elementor-widget-container\">\n\t\t\t\t\t\t\t\t\t<p>Le\u00a0<strong>service apr\u00e8s-vente PACKINOV<\/strong>\u00a0est assur\u00e9 par l\u2019intervention d\u2019un technicien\u00a0<strong>sur votre site<\/strong>, ou bien\u00a0<strong>depuis notre centre technique<\/strong>\u00a0par une\u00a0<strong>prise en main \u00e0 distance<\/strong>\u00a0de votre \u00e9quipement.<br \/>Les am\u00e9liorations ou \u00e9volutions apport\u00e9es \u00e0 votre machine peuvent \u00e9galement s\u2019effectuer\u00a0<strong>en nos ateliers.<\/strong><\/p><p>Nous maintenons<strong> en stock, sur notre site de Beynost (01), en France<\/strong>, une grande quantit\u00e9 de<strong>\u00a0pi\u00e8ces d\u00e9tach\u00e9es<\/strong>\u00a0pour toutes les machines de conditionnement, des\u00a0<strong>modules autonomes de dosage, thermoscelleuses et conditionneuses<\/strong>\u00a0en \u00e9tat de marche, afin de vous garantir\u00a0<strong>une intervention rapide<\/strong>\u00a0pour le suivi, la r\u00e9paration et la maintenance de votre machine PACKINOV tout au long de sa vie.<\/p><p>Joint, ressort, piston, encre\u2026<strong>\u00a0les consommables et pi\u00e8ces d\u00e9tach\u00e9es<\/strong>\u00a0pour parer aux pannes machines sont achet\u00e9s aupr\u00e8s des\u00a0<strong>m\u00eames fournisseurs<\/strong>\u00a0que pour la production afin de vous garantir la\u00a0<strong>parfaite conformit\u00e9<\/strong>\u00a0des \u00e9l\u00e9ments et\u00a0<strong>une qualit\u00e9 produits irr\u00e9prochable<\/strong>\u00a0y compris sur les pi\u00e8ces de rechanges.<\/p><p>Nos techniciens sont form\u00e9s et sont des\u00a0<strong>experts<\/strong>\u00a0tant sur les\u00a0<strong>aspects m\u00e9caniques qu\u2019\u00e9lectroniques<\/strong>\u00a0pour toute notre gamme de\u00a0<strong>machines, modules et conditionneuses<\/strong>. Ils r\u00e9alisent un diagnostic rapide et fiable, si possible par t\u00e9l\u00e9phone, sinon sur votre site, afin de\u00a0<strong>remettre rapidement votre machine en service et donc votre production en route.<\/strong><\/p>\t\t\t\t\t\t\t\t<\/div>\n\t\t\t\t<\/div>\n\t\t\t\t\t<\/div>\n\t\t<\/div>\n\t\t\t\t\t<\/div>\n\t\t<\/section>\n\t\t\t\t<\/div>\n\t\t","protected":false},"excerpt":{"rendered":"<p>service apr\u00e8s vente en france Pour une r\u00e9activit\u00e9 maximale Le service apr\u00e8s vente PACKINOV est bas\u00e9 en France. Il est \u00e0 vos c\u00f4t\u00e9s pour entretenir, r\u00e9parer et faire \u00e9voluer votre machine conditionnement, votre ligne de conditionnement, votre conditionneuse ou votre doseur. Nous sommes \u00e0 votre \u00e9coute pour vous guider au t\u00e9l\u00e9phone pour les pannes de [&hellip;]<\/p>\n","protected":false},"author":2,"featured_media":5407,"parent":21,"menu_order":0,"comment_status":"closed","ping_status":"closed","template":"","meta":{"_acf_changed":false,"footnotes":""},"class_list":["post-4930","page","type-page","status-publish","has-post-thumbnail","hentry"],"acf":[],"_links":{"self":[{"href":"https:\/\/www.packinov.fr\/en\/wp-json\/wp\/v2\/pages\/4930","targetHints":{"allow":["GET"]}}],"collection":[{"href":"https:\/\/www.packinov.fr\/en\/wp-json\/wp\/v2\/pages"}],"about":[{"href":"https:\/\/www.packinov.fr\/en\/wp-json\/wp\/v2\/types\/page"}],"author":[{"embeddable":true,"href":"https:\/\/www.packinov.fr\/en\/wp-json\/wp\/v2\/users\/2"}],"replies":[{"embeddable":true,"href":"https:\/\/www.packinov.fr\/en\/wp-json\/wp\/v2\/comments?post=4930"}],"version-history":[{"count":0,"href":"https:\/\/www.packinov.fr\/en\/wp-json\/wp\/v2\/pages\/4930\/revisions"}],"up":[{"embeddable":true,"href":"https:\/\/www.packinov.fr\/en\/wp-json\/wp\/v2\/pages\/21"}],"wp:featuredmedia":[{"embeddable":true,"href":"https:\/\/www.packinov.fr\/en\/wp-json\/wp\/v2\/media\/5407"}],"wp:attachment":[{"href":"https:\/\/www.packinov.fr\/en\/wp-json\/wp\/v2\/media?parent=4930"}],"curies":[{"name":"wp","href":"https:\/\/api.w.org\/{rel}","templated":true}]}}