{"id":3,"date":"2023-04-04T11:52:11","date_gmt":"2023-04-04T09:52:11","guid":{"rendered":"https:\/\/www.packinov.fr\/?page_id=3"},"modified":"2023-08-07T17:29:16","modified_gmt":"2023-08-07T15:29:16","slug":"privacy-policy","status":"publish","type":"page","link":"https:\/\/www.packinov.fr\/en\/politique-de-confidentialite\/","title":{"rendered":"Privacy policy"},"content":{"rendered":"\t\t<div data-elementor-type=\"wp-page\" data-elementor-id=\"3\" class=\"elementor elementor-3\" data-elementor-post-type=\"page\">\n\t\t\t\t\t\t<section class=\"elementor-section elementor-top-section elementor-element elementor-element-81f9700 elementor-section-height-min-height elementor-section-boxed elementor-section-height-default elementor-section-items-middle elementor-invisible\" data-id=\"81f9700\" data-element_type=\"section\" data-e-type=\"section\" data-settings=\"{&quot;background_background&quot;:&quot;classic&quot;,&quot;animation&quot;:&quot;fadeInDown&quot;}\">\n\t\t\t\t\t\t\t<div class=\"elementor-background-overlay\"><\/div>\n\t\t\t\t\t\t\t<div class=\"elementor-container elementor-column-gap-default\">\n\t\t\t\t\t<div class=\"elementor-column elementor-col-100 elementor-top-column elementor-element elementor-element-1bde638\" data-id=\"1bde638\" data-element_type=\"column\" data-e-type=\"column\">\n\t\t\t<div class=\"elementor-widget-wrap elementor-element-populated\">\n\t\t\t\t\t\t<div class=\"elementor-element elementor-element-96e231e elementor-invisible elementor-widget elementor-widget-heading\" data-id=\"96e231e\" data-element_type=\"widget\" data-e-type=\"widget\" data-settings=\"{&quot;_animation&quot;:&quot;fadeInUp&quot;,&quot;_animation_delay&quot;:200}\" data-widget_type=\"heading.default\">\n\t\t\t\t<div class=\"elementor-widget-container\">\n\t\t\t\t\t<h1 class=\"elementor-heading-title elementor-size-default\">Politique de confidentialit\u00e9<\/h1>\t\t\t\t<\/div>\n\t\t\t\t<\/div>\n\t\t\t\t\t<\/div>\n\t\t<\/div>\n\t\t\t\t\t<\/div>\n\t\t<\/section>\n\t\t\t\t<section class=\"elementor-section elementor-top-section elementor-element elementor-element-34353de elementor-hidden-mobile elementor-section-boxed elementor-section-height-default elementor-section-height-default elementor-invisible\" data-id=\"34353de\" data-element_type=\"section\" data-e-type=\"section\" data-settings=\"{&quot;animation&quot;:&quot;fadeInUp&quot;}\">\n\t\t\t\t\t\t<div class=\"elementor-container elementor-column-gap-default\">\n\t\t\t\t\t<div class=\"elementor-column elementor-col-100 elementor-top-column elementor-element elementor-element-acb84d8 elementor-invisible\" data-id=\"acb84d8\" data-element_type=\"column\" data-e-type=\"column\" data-settings=\"{&quot;animation&quot;:&quot;fadeInUp&quot;}\">\n\t\t\t<div class=\"elementor-widget-wrap elementor-element-populated\">\n\t\t\t\t\t\t<div class=\"elementor-element elementor-element-6641607 breadcrumb elementor-widget elementor-widget-shortcode\" data-id=\"6641607\" data-element_type=\"widget\" data-e-type=\"widget\" data-widget_type=\"shortcode.default\">\n\t\t\t\t<div class=\"elementor-widget-container\">\n\t\t\t\t\t\t\t<div class=\"elementor-shortcode\"><nav aria-label=\"breadcrumbs\">\n            <div class=\"breadcrumb-container theme1\">\n                <ol>\n                                    <\/ol>\n            <\/div>\n        <\/nav>    <script type=\"application\/ld+json\">\n        {\n            \"@context\": \"http:\/\/schema.org\",\n            \"@type\": \"BreadcrumbList\",\n            \"itemListElement\": [\n                            ]\n        }\n    <\/script>\n   \n    <script>\n            <\/script>\n<\/div>\n\t\t\t\t\t\t<\/div>\n\t\t\t\t<\/div>\n\t\t\t\t\t<\/div>\n\t\t<\/div>\n\t\t\t\t\t<\/div>\n\t\t<\/section>\n\t\t\t\t<section class=\"elementor-section elementor-top-section elementor-element elementor-element-56ced851 elementor-section-full_width elementor-section-height-default elementor-section-height-default\" data-id=\"56ced851\" data-element_type=\"section\" data-e-type=\"section\">\n\t\t\t\t\t\t<div class=\"elementor-container elementor-column-gap-default\">\n\t\t\t\t\t<div class=\"elementor-column elementor-col-100 elementor-top-column elementor-element elementor-element-4f7aa8a\" data-id=\"4f7aa8a\" data-element_type=\"column\" data-e-type=\"column\">\n\t\t\t<div class=\"elementor-widget-wrap elementor-element-populated\">\n\t\t\t\t\t\t<div class=\"elementor-element elementor-element-4d58d28e elementor-widget elementor-widget-text-editor\" data-id=\"4d58d28e\" data-element_type=\"widget\" data-e-type=\"widget\" data-widget_type=\"text-editor.default\">\n\t\t\t\t<div class=\"elementor-widget-container\">\n\t\t\t\t\t\t\t\t\t<div class=\"wpb_text_column wpb_content_element \">\n<div class=\"wpb_wrapper\">\n<h2><strong>Collecte des renseignements personnels<\/strong><\/h2>\n<p>Nous collectons les renseignements suivants :<\/p>\n<ul>\n<li>Nom<\/li>\n<li>Pr\u00e9nom<\/li>\n<li>Adresse postale<\/li>\n<li>Code postal<\/li>\n<li>Adresse \u00e9lectronique<\/li>\n<li>Num\u00e9ro de t\u00e9l\u00e9phone \/ t\u00e9l\u00e9copieur<\/li>\n<\/ul>\n<p><br \/>Les renseignements personnels que nous collectons sont recueillis au travers de formulaires et gr\u00e2ce \u00e0 l\u2019interactivit\u00e9 \u00e9tablie entre vous et notre site Web. Nous utilisons \u00e9galement, comme indiqu\u00e9 dans la section suivante, des fichiers t\u00e9moins et\/ou journaux pour r\u00e9unir des informations vous concernant.<br \/><br \/><\/p>\n<h2><strong>Formulaires et interactivit\u00e9:<\/strong><\/h2>\n<p>Vos renseignements personnels sont collect\u00e9s par le biais de formulaire, \u00e0 savoir :<\/p>\n<p>Nous utilisons les renseignements ainsi collect\u00e9s pour les finalit\u00e9s suivantes :<\/p>\n<ul>\n<li>Contact<\/li>\n<li>Demande de devis<\/li>\n<\/ul>\n<p>Vos renseignements sont \u00e9galement collect\u00e9s par le biais de l\u2019interactivit\u00e9 pouvant s\u2019\u00e9tablir entre vous et notre site Web et ce, de la fa\u00e7on suivante:<\/p>\n<ul>\n<li>Contact<\/li>\n<li>Demande de devis<br \/><br \/><\/li>\n<\/ul>\n<h2><strong>Cookies<\/strong><\/h2>\n<h3>Qu\u2019est-ce qu\u2019un cookie ?<\/h3>\n<p>Les cookies sont de petits fichiers texte qui sont install\u00e9s sur votre ordinateur ou votre p\u00e9riph\u00e9rique lorsque vous visitez nos sites Web.<\/p>\n<h3>Finalit\u00e9 des cookies<\/h3>\n<p>Nous utilisons les cookies afin de rendre vos visites et vos achats sur nos sites plus efficaces. Les cookies nous permettent \u00e9galement d\u2019am\u00e9liorer la navigation sur nos sites et de comprendre vos comportements.<\/p>\n<h3>Notre utilisation des cookies<\/h3>\n<p>Nous utilisons les cookies pour :<\/p>\n<p>\u2013 M\u00e9moriser vos pr\u00e9f\u00e9rences de navigation telles que votre langue, la taille de la police, la pr\u00e9sentation de la page ou les couleurs pr\u00e9f\u00e9r\u00e9es. Le tout pour vous permettre de parcourir notre site plus rapidement et plus facilement.<br \/>\u2013 Collecter des informations analytiques pour, par exemple, compter le nombre de visiteurs sur nos sites Web et identifier les pages de nos sites que vous visitez le plus souvent. Nous utilisons les donn\u00e9es d\u2019analyse que nous collectons \u00e0 des fins marketing et de planification des ressources.<\/p>\n<p>\u2013 D\u00e9terminer si nos clients et visiteurs s\u2019adaptent facilement aux modifications que nous pouvons apporter \u00e0 nos sites Web.<\/p>\n<h3>Informations collect\u00e9es gr\u00e2ce aux cookies<\/h3>\n<p>Les cookies nous aident \u00e0 recueillir des renseignements sur la fa\u00e7on dont vous utilisez notre site Web, mais nous ne conservons aucune information permettant de vous identifier personnellement dans les donn\u00e9es de nos cookies vous concernant. Nous enregistrons uniquement un identifiant de session unique qui nous aidera \u00e0 retrouver un profil d\u2019utilisateur ainsi que vos pr\u00e9f\u00e9rences lors de votre prochaine visite.<\/p>\n<h3>Types de cookies<\/h3>\n<p>\u2013 Cookies de session : les cookies de ce type sont temporairement stock\u00e9s sur votre ordinateur ou votre p\u00e9riph\u00e9rique pendant une session de navigation. Ils sont effac\u00e9s de votre ordinateur ou de votre p\u00e9riph\u00e9rique \u00e0 la fin de la session de navigation.<\/p>\n<p>\u2013 Cookies permanents : les cookies de ce type demeurent plus longtemps sur votre ordinateur. Les cookies permanents nous aident \u00e0 vous reconna\u00eetre lorsque nous devons savoir qui vous \u00eates pour plus d\u2019une session de navigation.<\/p>\n<h3>Gestion des cookies<\/h3>\n<p>Le menu de la plupart des navigateurs comporte des options vous permettant de g\u00e9rer vos cookies en r\u00e9glant ou en configurant vos param\u00e8tres de cookies. G\u00e9n\u00e9ralement, le navigateur vous offre la possibilit\u00e9 :<\/p>\n<p>\u2013 d\u2019afficher vos cookies ;<br \/>\u2013 d\u2019autoriser les cookies ;<br \/>\u2013 de d\u00e9sactiver tous les cookies, ou uniquement des cookies pr\u00e9cis ;<br \/>\u2013 de d\u00e9sactiver tous les cookies lorsque vous fermez votre navigateur ;<br \/>\u2013 de bloquer les cookies ;<br \/>\u2013 d\u2019\u00eatre inform\u00e9 lorsque vous recevez un cookie.<\/p>\n<p>Veuillez noter que si vous choisissez de bloquer nos cookies, la plupart des fonctionnalit\u00e9s de ce site seront d\u00e9sactiv\u00e9es (notamment l\u2019inscription, la possibilit\u00e9 de poster un commentaire et toute autre interaction) et votre navigation risque \u00e9galement d\u2019en \u00eatre affect\u00e9e. Si vous configurez les options de votre navigateur pour supprimer tous les cookies, vos pr\u00e9f\u00e9rences de navigation seront effac\u00e9es \u00e0 la fermeture de votre navigateur.<\/p>\n<p>Veuillez noter qu\u2019\u00e0 moins que vous n\u2019ayez r\u00e9gl\u00e9 les param\u00e8tres de votre navigateur de fa\u00e7on \u00e0 refuser les cookies, notre syst\u00e8me \u00e9mettra des cookies d\u00e8s que vous vous rendrez sur l\u2019un de nos sites.<\/p>\n<h3>Informations suppl\u00e9mentaires sur les cookies<\/h3>\n<p>Pour en savoir plus sur les cookies, nous vous invitons \u00e0 consulter la page de la CNIL :<br \/><a href=\"http:\/\/www.cnil.fr\/vos-libertes\/vos-traces\/les-cookies\/\" rel=\"nofollow noopener\" target=\"_blank\">http:\/\/www.cnil.fr\/vos-libertes\/vos-traces\/les-cookies\/<\/a><\/p>\n<h2><strong><br \/>Fichiers journaux et t\u00e9moins<\/strong><\/h2>\n<p>Nous recueillons certaines informations par le biais de fichiers journaux (log file) et de fichiers t\u00e9moins (cookies). Il s\u2019agit principalement des informations suivantes :<\/p>\n<ul>\n<li>Adresse IP<\/li>\n<li>Syst\u00e8me d\u2019exploitation<\/li>\n<li>Pages visit\u00e9es et requ\u00eates<\/li>\n<li>Heure et jour de connexion<\/li>\n<\/ul>\n<p>Le recours \u00e0 de tels fichiers nous permet :<\/p>\n<ul>\n<li>Am\u00e9lioration du service et accueil personnalis\u00e9<\/li>\n<li>Statistique<\/li>\n<\/ul>\n<h2><br \/><strong>Droit d\u2019opposition et de retrait<\/strong><\/h2>\n<p>Nous nous engageons \u00e0 vous offrir un droit d\u2019opposition et de retrait quant \u00e0 vos renseignements personnels.<br \/>Le droit d\u2019opposition s\u2019entend comme \u00e9tant la possibilit\u00e9 offerte aux internautes de refuser que leurs renseignements personnels soient utilis\u00e9es \u00e0 certaines fins mentionn\u00e9es lors de la collecte.<\/p>\n<p>Le droit de retrait s\u2019entend comme \u00e9tant la possibilit\u00e9 offerte aux internautes de demander \u00e0 ce que leurs renseignements personnels ne figurent plus, par exemple, dans une liste de diffusion.<\/p>\n<p>Pour pouvoir exercer ces droits, vous pouvez :<br \/>Code postal : 574, rue du chat bott\u00e9 ZAC des Malettes 01 700 BEYNOST<br \/>Courriel : contact@packinov.fr<br \/>T\u00e9l\u00e9phone : 04 72 25 95 09<br \/>Section du site web : https:\/\/packinov.fr\/<\/p>\n<h2><br \/><strong>Droit d\u2019acc\u00e8s<\/strong><\/h2>\n<p>Nous nous engageons \u00e0 reconna\u00eetre un droit d\u2019acc\u00e8s et de rectification aux personnes concern\u00e9es d\u00e9sireuses de consulter, modifier, voire radier les informations les concernant.<br \/>L\u2019exercice de ce droit se fera :<br \/>Code postal : 574, rue du chat bott\u00e9 ZAC des Malettes 01 700 BEYNOST<br \/>Courriel : contact@packinov.fr<br \/>T\u00e9l\u00e9phone : 04 72 25 95 09<br \/>Section du site web : https:\/\/packinov.fr\/<\/p>\n<h2><br \/><strong>S\u00e9curit\u00e9<\/strong><\/h2>\n<p>Les renseignements personnels que nous collectons sont conserv\u00e9s dans un environnement s\u00e9curis\u00e9. Les personnes travaillant pour nous sont tenues de respecter la confidentialit\u00e9 de vos informations.<br \/>Pour assurer la s\u00e9curit\u00e9 de vos renseignements personnels, nous avons recours aux mesures suivantes :<\/p>\n<ul>\n<li>Protocole SSL (Secure Sockets Layer)<\/li>\n<li>Gestion des acc\u00e8s \u2013 personne autoris\u00e9e<\/li>\n<li>Gestion des acc\u00e8s \u2013 personne concern\u00e9e<\/li>\n<li>Sauvegarde informatique<\/li>\n<li>D\u00e9veloppement de certificat num\u00e9rique<\/li>\n<li>Identifiant \/ mot de passe<\/li>\n<li>Pare-feu (Firewalls)<\/li>\n<\/ul>\n<p>Nous nous engageons \u00e0 maintenir un haut degr\u00e9 de confidentialit\u00e9 en int\u00e9grant les derni\u00e8res innovations technologiques permettant d\u2019assurer la confidentialit\u00e9 de vos transactions. Toutefois, comme aucun m\u00e9canisme n\u2019offre une s\u00e9curit\u00e9 maximale, une part de risque est toujours pr\u00e9sente lorsque l\u2019on utilise Internet pour transmettre des renseignements personnels.<br \/><br \/><\/p>\n<h2><strong>L\u00e9gislation<\/strong><\/h2>\n<p>Nous nous engageons \u00e0 respecter les dispositions l\u00e9gislatives \u00e9nonc\u00e9es dans :<br \/>RGPD<\/p>\n<\/div>\n<\/div>\t\t\t\t\t\t\t\t<\/div>\n\t\t\t\t<\/div>\n\t\t\t\t\t<\/div>\n\t\t<\/div>\n\t\t\t\t\t<\/div>\n\t\t<\/section>\n\t\t\t\t<\/div>\n\t\t","protected":false},"excerpt":{"rendered":"<p>Collecte des renseignements personnels Nous collectons les renseignements suivants : Nom Pr\u00e9nom Adresse postale Code postal Adresse \u00e9lectronique Num\u00e9ro de t\u00e9l\u00e9phone \/ t\u00e9l\u00e9copieur Les renseignements personnels que nous collectons sont recueillis au travers de formulaires et gr\u00e2ce \u00e0 l\u2019interactivit\u00e9 \u00e9tablie entre vous et notre site Web. Nous utilisons \u00e9galement, comme indiqu\u00e9 dans la section suivante, [&hellip;]<\/p>\n","protected":false},"author":1,"featured_media":5407,"parent":0,"menu_order":0,"comment_status":"closed","ping_status":"closed","template":"","meta":{"_acf_changed":false,"footnotes":""},"class_list":["post-3","page","type-page","status-publish","has-post-thumbnail","hentry"],"acf":[],"_links":{"self":[{"href":"https:\/\/www.packinov.fr\/en\/wp-json\/wp\/v2\/pages\/3","targetHints":{"allow":["GET"]}}],"collection":[{"href":"https:\/\/www.packinov.fr\/en\/wp-json\/wp\/v2\/pages"}],"about":[{"href":"https:\/\/www.packinov.fr\/en\/wp-json\/wp\/v2\/types\/page"}],"author":[{"embeddable":true,"href":"https:\/\/www.packinov.fr\/en\/wp-json\/wp\/v2\/users\/1"}],"replies":[{"embeddable":true,"href":"https:\/\/www.packinov.fr\/en\/wp-json\/wp\/v2\/comments?post=3"}],"version-history":[{"count":0,"href":"https:\/\/www.packinov.fr\/en\/wp-json\/wp\/v2\/pages\/3\/revisions"}],"wp:featuredmedia":[{"embeddable":true,"href":"https:\/\/www.packinov.fr\/en\/wp-json\/wp\/v2\/media\/5407"}],"wp:attachment":[{"href":"https:\/\/www.packinov.fr\/en\/wp-json\/wp\/v2\/media?parent=3"}],"curies":[{"name":"wp","href":"https:\/\/api.w.org\/{rel}","templated":true}]}}