{"id":23,"date":"2023-06-02T15:30:30","date_gmt":"2023-06-02T13:30:30","guid":{"rendered":"https:\/\/www.packinov.fr\/?page_id=23"},"modified":"2025-06-16T15:49:05","modified_gmt":"2025-06-16T13:49:05","slug":"job-offers","status":"publish","type":"page","link":"https:\/\/www.packinov.fr\/en\/offres-demploi\/","title":{"rendered":"Job Offers"},"content":{"rendered":"\t\t<div data-elementor-type=\"wp-page\" data-elementor-id=\"23\" class=\"elementor elementor-23\" data-elementor-post-type=\"page\">\n\t\t\t\t\t\t<section class=\"elementor-section elementor-top-section elementor-element elementor-element-f676cb5 elementor-section-height-min-height elementor-section-boxed elementor-section-height-default elementor-section-items-middle elementor-invisible\" data-id=\"f676cb5\" data-element_type=\"section\" data-e-type=\"section\" data-settings=\"{&quot;background_background&quot;:&quot;classic&quot;,&quot;animation&quot;:&quot;fadeInDown&quot;}\">\n\t\t\t\t\t\t\t<div class=\"elementor-background-overlay\"><\/div>\n\t\t\t\t\t\t\t<div class=\"elementor-container elementor-column-gap-default\">\n\t\t\t\t\t<div class=\"elementor-column elementor-col-100 elementor-top-column elementor-element elementor-element-8d954f8\" data-id=\"8d954f8\" data-element_type=\"column\" data-e-type=\"column\">\n\t\t\t<div class=\"elementor-widget-wrap elementor-element-populated\">\n\t\t\t\t\t\t<div class=\"elementor-element elementor-element-02d8376 elementor-invisible elementor-widget elementor-widget-heading\" data-id=\"02d8376\" data-element_type=\"widget\" data-e-type=\"widget\" data-settings=\"{&quot;_animation&quot;:&quot;fadeInUp&quot;,&quot;_animation_delay&quot;:200}\" data-widget_type=\"heading.default\">\n\t\t\t\t<div class=\"elementor-widget-container\">\n\t\t\t\t\t<h1 class=\"elementor-heading-title elementor-size-default\">Offres d'emploi<\/h1>\t\t\t\t<\/div>\n\t\t\t\t<\/div>\n\t\t\t\t\t<\/div>\n\t\t<\/div>\n\t\t\t\t\t<\/div>\n\t\t<\/section>\n\t\t\t\t<section class=\"elementor-section elementor-top-section elementor-element elementor-element-815e2f1 elementor-hidden-mobile elementor-section-boxed elementor-section-height-default elementor-section-height-default elementor-invisible\" data-id=\"815e2f1\" data-element_type=\"section\" data-e-type=\"section\" data-settings=\"{&quot;animation&quot;:&quot;fadeInUp&quot;}\">\n\t\t\t\t\t\t<div class=\"elementor-container elementor-column-gap-default\">\n\t\t\t\t\t<div class=\"elementor-column elementor-col-100 elementor-top-column elementor-element elementor-element-5175d57\" data-id=\"5175d57\" data-element_type=\"column\" data-e-type=\"column\">\n\t\t\t<div class=\"elementor-widget-wrap elementor-element-populated\">\n\t\t\t\t\t\t<div class=\"elementor-element elementor-element-48966bb breadcrumb elementor-widget elementor-widget-shortcode\" data-id=\"48966bb\" data-element_type=\"widget\" data-e-type=\"widget\" data-widget_type=\"shortcode.default\">\n\t\t\t\t<div class=\"elementor-widget-container\">\n\t\t\t\t\t\t\t<div class=\"elementor-shortcode\"><nav aria-label=\"breadcrumbs\">\n            <div class=\"breadcrumb-container theme1\">\n                <ol>\n                                    <\/ol>\n            <\/div>\n        <\/nav>    <script type=\"application\/ld+json\">\n        {\n            \"@context\": \"http:\/\/schema.org\",\n            \"@type\": \"BreadcrumbList\",\n            \"itemListElement\": [\n                            ]\n        }\n    <\/script>\n   \n    <script>\n            <\/script>\n<\/div>\n\t\t\t\t\t\t<\/div>\n\t\t\t\t<\/div>\n\t\t\t\t\t<\/div>\n\t\t<\/div>\n\t\t\t\t\t<\/div>\n\t\t<\/section>\n\t\t\t\t<section class=\"elementor-section elementor-top-section elementor-element elementor-element-adc1952 elementor-section-boxed elementor-section-height-default elementor-section-height-default elementor-invisible\" data-id=\"adc1952\" data-element_type=\"section\" data-e-type=\"section\" data-settings=\"{&quot;animation&quot;:&quot;fadeInUp&quot;}\">\n\t\t\t\t\t\t<div class=\"elementor-container elementor-column-gap-default\">\n\t\t\t\t\t<div class=\"elementor-column elementor-col-100 elementor-top-column elementor-element elementor-element-dba160a\" data-id=\"dba160a\" data-element_type=\"column\" data-e-type=\"column\">\n\t\t\t<div class=\"elementor-widget-wrap elementor-element-populated\">\n\t\t\t\t\t\t<div class=\"elementor-element elementor-element-e407a39 elementor-grid-4 elementor-grid-tablet-2 elementor-grid-mobile-1 elementor-posts--thumbnail-top elementor-widget elementor-widget-posts\" data-id=\"e407a39\" data-element_type=\"widget\" data-e-type=\"widget\" data-settings=\"{&quot;pagination_type&quot;:&quot;prev_next&quot;,&quot;classic_columns&quot;:&quot;4&quot;,&quot;classic_columns_tablet&quot;:&quot;2&quot;,&quot;classic_columns_mobile&quot;:&quot;1&quot;,&quot;classic_row_gap&quot;:{&quot;unit&quot;:&quot;px&quot;,&quot;size&quot;:35,&quot;sizes&quot;:[]},&quot;classic_row_gap_laptop&quot;:{&quot;unit&quot;:&quot;px&quot;,&quot;size&quot;:&quot;&quot;,&quot;sizes&quot;:[]},&quot;classic_row_gap_tablet&quot;:{&quot;unit&quot;:&quot;px&quot;,&quot;size&quot;:&quot;&quot;,&quot;sizes&quot;:[]},&quot;classic_row_gap_mobile&quot;:{&quot;unit&quot;:&quot;px&quot;,&quot;size&quot;:&quot;&quot;,&quot;sizes&quot;:[]}}\" data-widget_type=\"posts.classic\">\n\t\t\t\t<div class=\"elementor-widget-container\">\n\t\t\t\t\t\t\t<div class=\"elementor-posts-container elementor-posts elementor-posts--skin-classic elementor-grid\" role=\"list\">\n\t\t\t\t<article class=\"elementor-post elementor-grid-item post-7964 post type-post status-publish format-standard has-post-thumbnail hentry category-actualites category-offres-demploi\" role=\"listitem\">\n\t\t\t\t<a class=\"elementor-post__thumbnail__link\" href=\"https:\/\/www.packinov.fr\/en\/mecanicien-monteur-cdi-h-f-15-min-de-lyon-69-copy-copy\/\" tabindex=\"-1\" >\n\t\t\t<div class=\"elementor-post__thumbnail\"><img fetchpriority=\"high\" decoding=\"async\" width=\"616\" height=\"308\" src=\"https:\/\/www.packinov.fr\/wp-content\/uploads\/2024\/01\/Logo-PACKINOV-FINAL-avec-tampon-NEW-rose-616x308-1.webp\" class=\"attachment-full size-full wp-image-5407\" alt=\"\" srcset=\"https:\/\/www.packinov.fr\/wp-content\/uploads\/2024\/01\/Logo-PACKINOV-FINAL-avec-tampon-NEW-rose-616x308-1.webp 616w, https:\/\/www.packinov.fr\/wp-content\/uploads\/2024\/01\/Logo-PACKINOV-FINAL-avec-tampon-NEW-rose-616x308-1-300x150.webp 300w, https:\/\/www.packinov.fr\/wp-content\/uploads\/2024\/01\/Logo-PACKINOV-FINAL-avec-tampon-NEW-rose-616x308-1-18x9.webp 18w\" sizes=\"(max-width: 616px) 100vw, 616px\" \/><\/div>\n\t\t<\/a>\n\t\t\t\t<div class=\"elementor-post__text\">\n\t\t\t\t<h3 class=\"elementor-post__title\">\n\t\t\t<a href=\"https:\/\/www.packinov.fr\/en\/mecanicien-monteur-cdi-h-f-15-min-de-lyon-69-copy-copy\/\" >\n\t\t\t\tM\u00c9CANICIEN MONTEUR &#8211; APPRENTISSAGE \u2013 H\/F \u2013 15 min de Lyon (69)\t\t\t<\/a>\n\t\t<\/h3>\n\t\t\t\t<div class=\"elementor-post__meta-data\">\n\t\t\t\t\t<span class=\"elementor-post-date\">\n\t\t\t10 February 2026\t\t<\/span>\n\t\t\t\t<\/div>\n\t\t\t\t<div class=\"elementor-post__excerpt\">\n\t\t\t<p>Nous recherchons un m\u00e9canicien monteur en contrat d&rsquo;apprentissage, secteur industriel, pour rejoindre une \u00e9quipe jeune, dynamique et engag\u00e9e, \u00e0 15 minutes de Lyon. A vos CV !<\/p>\n\t\t<\/div>\n\t\t\n\t\t<a class=\"elementor-post__read-more\" href=\"https:\/\/www.packinov.fr\/en\/mecanicien-monteur-cdi-h-f-15-min-de-lyon-69-copy-copy\/\" aria-label=\"Read more about M\u00c9CANICIEN MONTEUR &#8211; APPRENTISSAGE \u2013 H\/F \u2013 15 min de Lyon (69)\" tabindex=\"-1\" >\n\t\t\tD\u00e9tails \u00bb\t\t<\/a>\n\n\t\t\t\t<\/div>\n\t\t\t\t<\/article>\n\t\t\t\t<article class=\"elementor-post elementor-grid-item post-7626 post type-post status-publish format-standard has-post-thumbnail hentry category-offres-demploi\" role=\"listitem\">\n\t\t\t\t<a class=\"elementor-post__thumbnail__link\" href=\"https:\/\/www.packinov.fr\/en\/ingenieur%c2%b7e-commercial%c2%b7e-cdi-h-f-15-min-de-lyon-69\/\" tabindex=\"-1\" >\n\t\t\t<div class=\"elementor-post__thumbnail\"><img fetchpriority=\"high\" decoding=\"async\" width=\"616\" height=\"308\" src=\"https:\/\/www.packinov.fr\/wp-content\/uploads\/2024\/01\/Logo-PACKINOV-FINAL-avec-tampon-NEW-rose-616x308-1.webp\" class=\"attachment-full size-full wp-image-5407\" alt=\"\" srcset=\"https:\/\/www.packinov.fr\/wp-content\/uploads\/2024\/01\/Logo-PACKINOV-FINAL-avec-tampon-NEW-rose-616x308-1.webp 616w, https:\/\/www.packinov.fr\/wp-content\/uploads\/2024\/01\/Logo-PACKINOV-FINAL-avec-tampon-NEW-rose-616x308-1-300x150.webp 300w, https:\/\/www.packinov.fr\/wp-content\/uploads\/2024\/01\/Logo-PACKINOV-FINAL-avec-tampon-NEW-rose-616x308-1-18x9.webp 18w\" sizes=\"(max-width: 616px) 100vw, 616px\" \/><\/div>\n\t\t<\/a>\n\t\t\t\t<div class=\"elementor-post__text\">\n\t\t\t\t<h3 class=\"elementor-post__title\">\n\t\t\t<a href=\"https:\/\/www.packinov.fr\/en\/ingenieur%c2%b7e-commercial%c2%b7e-cdi-h-f-15-min-de-lyon-69\/\" >\n\t\t\t\tIng\u00e9nieur\u00b7e Commercial\u00b7e CDI \u2013 H\/F \u2013 15 min de Lyon (69)\t\t\t<\/a>\n\t\t<\/h3>\n\t\t\t\t<div class=\"elementor-post__meta-data\">\n\t\t\t\t\t<span class=\"elementor-post-date\">\n\t\t\t16 June 2025\t\t<\/span>\n\t\t\t\t<\/div>\n\t\t\t\t<div class=\"elementor-post__excerpt\">\n\t\t\t<p>Nous recherchons un\u00b7e Ing\u00e9nieur\u00b7e Commercial\u00b7e en CDI pour rejoindre une \u00e9quipe experte, conviviale et passionn\u00e9e, dans un secteur en pleine croissance. 2 postes \u00e0 pourvoir : Sud-Est (01) et Nord-Est (77). \u00c0 vos CV !<\/p>\n\t\t<\/div>\n\t\t\n\t\t<a class=\"elementor-post__read-more\" href=\"https:\/\/www.packinov.fr\/en\/ingenieur%c2%b7e-commercial%c2%b7e-cdi-h-f-15-min-de-lyon-69\/\" aria-label=\"Read more about Ing\u00e9nieur\u00b7e Commercial\u00b7e CDI \u2013 H\/F \u2013 15 min de Lyon (69)\" tabindex=\"-1\" >\n\t\t\tD\u00e9tails \u00bb\t\t<\/a>\n\n\t\t\t\t<\/div>\n\t\t\t\t<\/article>\n\t\t\t\t<\/div>\n\t\t\n\t\t\t\t\t\t<\/div>\n\t\t\t\t<\/div>\n\t\t\t\t\t<\/div>\n\t\t<\/div>\n\t\t\t\t\t<\/div>\n\t\t<\/section>\n\t\t\t\t<\/div>\n\t\t","protected":false},"excerpt":{"rendered":"<p>Job offers<\/p>","protected":false},"author":1,"featured_media":4502,"parent":0,"menu_order":0,"comment_status":"closed","ping_status":"closed","template":"","meta":{"_acf_changed":false,"footnotes":""},"class_list":["post-23","page","type-page","status-publish","has-post-thumbnail","hentry"],"acf":[],"_links":{"self":[{"href":"https:\/\/www.packinov.fr\/en\/wp-json\/wp\/v2\/pages\/23","targetHints":{"allow":["GET"]}}],"collection":[{"href":"https:\/\/www.packinov.fr\/en\/wp-json\/wp\/v2\/pages"}],"about":[{"href":"https:\/\/www.packinov.fr\/en\/wp-json\/wp\/v2\/types\/page"}],"author":[{"embeddable":true,"href":"https:\/\/www.packinov.fr\/en\/wp-json\/wp\/v2\/users\/1"}],"replies":[{"embeddable":true,"href":"https:\/\/www.packinov.fr\/en\/wp-json\/wp\/v2\/comments?post=23"}],"version-history":[{"count":3,"href":"https:\/\/www.packinov.fr\/en\/wp-json\/wp\/v2\/pages\/23\/revisions"}],"predecessor-version":[{"id":7635,"href":"https:\/\/www.packinov.fr\/en\/wp-json\/wp\/v2\/pages\/23\/revisions\/7635"}],"wp:featuredmedia":[{"embeddable":true,"href":"https:\/\/www.packinov.fr\/en\/wp-json\/wp\/v2\/media\/4502"}],"wp:attachment":[{"href":"https:\/\/www.packinov.fr\/en\/wp-json\/wp\/v2\/media?parent=23"}],"curies":[{"name":"wp","href":"https:\/\/api.w.org\/{rel}","templated":true}]}}